{"id":1151,"date":"2024-04-08T13:32:39","date_gmt":"2024-04-08T11:32:39","guid":{"rendered":"https:\/\/atp.lodz.pl\/?page_id=1151"},"modified":"2024-04-22T15:01:28","modified_gmt":"2024-04-22T13:01:28","slug":"katalog","status":"publish","type":"page","link":"https:\/\/atp.lodz.pl\/en\/katalog\/","title":{"rendered":"Katalog"},"content":{"rendered":"<div data-elementor-type=\"wp-page\" data-elementor-id=\"1151\" class=\"elementor elementor-1151\">\n\t\t\t\t<div class=\"elementor-element elementor-element-2d2fc9a e-flex e-con-boxed e-con e-parent\" data-id=\"2d2fc9a\" data-element_type=\"container\" data-e-type=\"container\">\n\t\t\t\t\t<div class=\"e-con-inner\">\n\t\t<div class=\"elementor-element elementor-element-2de637c e-con-full e-flex e-con e-child\" data-id=\"2de637c\" data-element_type=\"container\" data-e-type=\"container\">\n\t\t\t\t<div class=\"elementor-element elementor-element-a9f9acc elementor-widget__width-initial elementor-widget elementor-widget-image\" data-id=\"a9f9acc\" data-element_type=\"widget\" data-e-type=\"widget\" data-widget_type=\"image.default\">\n\t\t\t\t<div class=\"elementor-widget-container\">\n\t\t\t\t\t\t\t\t\t\t\t\t\t\t\t\t<a href=\"https:\/\/atp.lodz.pl\/wp-content\/uploads\/2024\/04\/ATP_2024_PL.pdf\">\n\t\t\t\t\t\t\t<img fetchpriority=\"high\" decoding=\"async\" width=\"640\" height=\"905\" src=\"https:\/\/atp.lodz.pl\/wp-content\/uploads\/2024\/04\/ATP_2024_tla_na_tytulowa_do_ofert_pion_pl-724x1024.jpg\" class=\"attachment-large size-large wp-image-2263\" alt=\"\" srcset=\"https:\/\/atp.lodz.pl\/wp-content\/uploads\/2024\/04\/ATP_2024_tla_na_tytulowa_do_ofert_pion_pl-724x1024.jpg 724w, https:\/\/atp.lodz.pl\/wp-content\/uploads\/2024\/04\/ATP_2024_tla_na_tytulowa_do_ofert_pion_pl-212x300.jpg 212w, https:\/\/atp.lodz.pl\/wp-content\/uploads\/2024\/04\/ATP_2024_tla_na_tytulowa_do_ofert_pion_pl-768x1086.jpg 768w, https:\/\/atp.lodz.pl\/wp-content\/uploads\/2024\/04\/ATP_2024_tla_na_tytulowa_do_ofert_pion_pl-1086x1536.jpg 1086w, https:\/\/atp.lodz.pl\/wp-content\/uploads\/2024\/04\/ATP_2024_tla_na_tytulowa_do_ofert_pion_pl-1448x2048.jpg 1448w, https:\/\/atp.lodz.pl\/wp-content\/uploads\/2024\/04\/ATP_2024_tla_na_tytulowa_do_ofert_pion_pl.jpg 1654w\" sizes=\"(max-width: 640px) 100vw, 640px\" \/>\t\t\t\t\t\t\t\t<\/a>\n\t\t\t\t\t\t\t\t\t\t\t\t\t\t\t<\/div>\n\t\t\t\t<\/div>\n\t\t\t\t<\/div>\n\t\t<div class=\"elementor-element elementor-element-f39e1c7 e-con-full e-flex e-con e-child\" data-id=\"f39e1c7\" data-element_type=\"container\" data-e-type=\"container\">\n\t\t\t\t<div class=\"elementor-element elementor-element-3e6c35d elementor-widget elementor-widget-text-editor\" data-id=\"3e6c35d\" data-element_type=\"widget\" data-e-type=\"widget\" data-widget_type=\"text-editor.default\">\n\t\t\t\t<div class=\"elementor-widget-container\">\n\t\t\t\t\t\t\t\t\t<p>Przygotowany katalog targowy zawiera profile wszystkich sponsor\u00f3w, wystawc\u00f3w i instytucji, kt\u00f3re zdecydowa\u0142y si\u0119 by\u0107 tutaj dzi\u015b razem z nami. S\u0105 to przedstawiciele r\u00f3\u017cnych sektor\u00f3w gospodarki, kt\u00f3rzy poszukuj\u0105 student\u00f3w i absolwent\u00f3w nie tylko z Politechniki \u0141\u00f3dzkiej i Uniwersytetu Medycznego, ale te\u017c z innych \u0142\u00f3dzkich uczelni.<\/p><p>Zach\u0119camy do zapoznania si\u0119 z <strong>katalogiem targowym<\/strong> dost\u0119pnym w wersji\u00a0 elektronicznej.<\/p><p style=\"text-align: center;\">\u00a0<\/p>\t\t\t\t\t\t\t\t<\/div>\n\t\t\t\t<\/div>\n\t\t\t\t<\/div>\n\t\t\t\t\t<\/div>\n\t\t\t\t<\/div>\n\t\t<div class=\"elementor-element elementor-element-0b1e4db e-flex e-con-boxed e-con e-parent\" data-id=\"0b1e4db\" data-element_type=\"container\" data-e-type=\"container\">\n\t\t\t\t\t<div class=\"e-con-inner\">\n\t\t\t\t\t<\/div>\n\t\t\t\t<\/div>\n\t\t\t\t<\/div>","protected":false},"excerpt":{"rendered":"<p>Przygotowany katalog targowy zawiera profile wszystkich sponsor\u00f3w, wystawc\u00f3w i instytucji, kt\u00f3re zdecydowa\u0142y si\u0119 by\u0107 tutaj dzi\u015b razem z nami. S\u0105 to przedstawiciele r\u00f3\u017cnych sektor\u00f3w gospodarki, kt\u00f3rzy poszukuj\u0105 student\u00f3w i absolwent\u00f3w nie tylko z Politechniki \u0141\u00f3dzkiej i Uniwersytetu Medycznego, ale te\u017c z innych \u0142\u00f3dzkich uczelni. Zach\u0119camy do zapoznania si\u0119 z katalogiem targowym dost\u0119pnym w wersji\u00a0 elektronicznej. \u00a0<\/p>","protected":false},"author":1,"featured_media":0,"parent":0,"menu_order":0,"comment_status":"closed","ping_status":"closed","template":"","meta":{"_EventAllDay":false,"_EventTimezone":"","_EventStartDate":"","_EventEndDate":"","_EventStartDateUTC":"","_EventEndDateUTC":"","_EventShowMap":false,"_EventShowMapLink":false,"_EventURL":"","_EventCost":"","_EventCostDescription":"","_EventCurrencySymbol":"","_EventCurrencyCode":"","_EventCurrencyPosition":"","_EventDateTimeSeparator":"","_EventTimeRangeSeparator":"","_EventOrganizerID":[],"_EventVenueID":[],"_OrganizerEmail":"","_OrganizerPhone":"","_OrganizerWebsite":"","_VenueAddress":"","_VenueCity":"","_VenueCountry":"","_VenueProvince":"","_VenueState":"","_VenueZip":"","_VenuePhone":"","_VenueURL":"","_VenueStateProvince":"","_VenueLat":"","_VenueLng":"","_VenueShowMap":false,"_VenueShowMapLink":false,"footnotes":""},"class_list":["post-1151","page","type-page","status-publish","hentry"],"yoast_head":"<!-- This site is optimized with the Yoast SEO plugin v22.4 - https:\/\/yoast.com\/wordpress\/plugins\/seo\/ -->\n<title>Katalog - Akademickie Targi Pracy<\/title>\n<meta name=\"robots\" content=\"index, follow, max-snippet:-1, max-image-preview:large, max-video-preview:-1\" \/>\n<link rel=\"canonical\" href=\"https:\/\/atp.lodz.pl\/en\/katalog\/\" \/>\n<meta property=\"og:locale\" content=\"en_GB\" \/>\n<meta property=\"og:type\" content=\"article\" \/>\n<meta property=\"og:title\" content=\"Katalog - Akademickie Targi Pracy\" \/>\n<meta property=\"og:description\" content=\"Przygotowany katalog targowy zawiera profile wszystkich sponsor\u00f3w, wystawc\u00f3w i instytucji, kt\u00f3re zdecydowa\u0142y si\u0119 by\u0107 tutaj dzi\u015b razem z nami. S\u0105 to przedstawiciele r\u00f3\u017cnych sektor\u00f3w gospodarki, kt\u00f3rzy poszukuj\u0105 student\u00f3w i absolwent\u00f3w nie tylko z Politechniki \u0141\u00f3dzkiej i Uniwersytetu Medycznego, ale te\u017c z innych \u0142\u00f3dzkich uczelni. Zach\u0119camy do zapoznania si\u0119 z katalogiem targowym dost\u0119pnym w wersji\u00a0 elektronicznej. \u00a0\" \/>\n<meta property=\"og:url\" content=\"https:\/\/atp.lodz.pl\/en\/katalog\/\" \/>\n<meta property=\"og:site_name\" content=\"Akademickie Targi Pracy\" \/>\n<meta property=\"article:modified_time\" content=\"2024-04-22T13:01:28+00:00\" \/>\n<meta property=\"og:image\" content=\"https:\/\/atp.lodz.pl\/wp-content\/uploads\/2024\/04\/ATP_2024_tla_na_tytulowa_do_ofert_pion_pl-724x1024.jpg\" \/>\n<meta name=\"twitter:card\" content=\"summary_large_image\" \/>\n<meta name=\"twitter:label1\" content=\"Estimated reading time\" \/>\n\t<meta name=\"twitter:data1\" content=\"1 minute\" \/>\n<script type=\"application\/ld+json\" class=\"yoast-schema-graph\">{\"@context\":\"https:\/\/schema.org\",\"@graph\":[{\"@type\":\"WebPage\",\"@id\":\"https:\/\/atp.lodz.pl\/katalog\/\",\"url\":\"https:\/\/atp.lodz.pl\/katalog\/\",\"name\":\"Katalog - Akademickie Targi Pracy\",\"isPartOf\":{\"@id\":\"https:\/\/atp.lodz.pl\/#website\"},\"primaryImageOfPage\":{\"@id\":\"https:\/\/atp.lodz.pl\/katalog\/#primaryimage\"},\"image\":{\"@id\":\"https:\/\/atp.lodz.pl\/katalog\/#primaryimage\"},\"thumbnailUrl\":\"https:\/\/atp.lodz.pl\/wp-content\/uploads\/2024\/04\/ATP_2024_tla_na_tytulowa_do_ofert_pion_pl-724x1024.jpg\",\"datePublished\":\"2024-04-08T11:32:39+00:00\",\"dateModified\":\"2024-04-22T13:01:28+00:00\",\"breadcrumb\":{\"@id\":\"https:\/\/atp.lodz.pl\/katalog\/#breadcrumb\"},\"inLanguage\":\"en-GB\",\"potentialAction\":[{\"@type\":\"ReadAction\",\"target\":[\"https:\/\/atp.lodz.pl\/katalog\/\"]}]},{\"@type\":\"ImageObject\",\"inLanguage\":\"en-GB\",\"@id\":\"https:\/\/atp.lodz.pl\/katalog\/#primaryimage\",\"url\":\"https:\/\/atp.lodz.pl\/wp-content\/uploads\/2024\/04\/ATP_2024_tla_na_tytulowa_do_ofert_pion_pl-724x1024.jpg\",\"contentUrl\":\"https:\/\/atp.lodz.pl\/wp-content\/uploads\/2024\/04\/ATP_2024_tla_na_tytulowa_do_ofert_pion_pl-724x1024.jpg\"},{\"@type\":\"BreadcrumbList\",\"@id\":\"https:\/\/atp.lodz.pl\/katalog\/#breadcrumb\",\"itemListElement\":[{\"@type\":\"ListItem\",\"position\":1,\"name\":\"Strona g\u0142\u00f3wna\",\"item\":\"https:\/\/atp.lodz.pl\/\"},{\"@type\":\"ListItem\",\"position\":2,\"name\":\"Katalog\"}]},{\"@type\":\"WebSite\",\"@id\":\"https:\/\/atp.lodz.pl\/#website\",\"url\":\"https:\/\/atp.lodz.pl\/\",\"name\":\"Akademickie Targi Pracy\",\"description\":\"\",\"publisher\":{\"@id\":\"https:\/\/atp.lodz.pl\/#organization\"},\"alternateName\":\"ATP\",\"potentialAction\":[{\"@type\":\"SearchAction\",\"target\":{\"@type\":\"EntryPoint\",\"urlTemplate\":\"https:\/\/atp.lodz.pl\/?s={search_term_string}\"},\"query-input\":\"required name=search_term_string\"}],\"inLanguage\":\"en-GB\"},{\"@type\":\"Organization\",\"@id\":\"https:\/\/atp.lodz.pl\/#organization\",\"name\":\"ATP\",\"url\":\"https:\/\/atp.lodz.pl\/\",\"logo\":{\"@type\":\"ImageObject\",\"inLanguage\":\"en-GB\",\"@id\":\"https:\/\/atp.lodz.pl\/#\/schema\/logo\/image\/\",\"url\":\"https:\/\/atp.lodz.pl\/wp-content\/uploads\/2023\/10\/Logo_ATP_4.png\",\"contentUrl\":\"https:\/\/atp.lodz.pl\/wp-content\/uploads\/2023\/10\/Logo_ATP_4.png\",\"width\":1772,\"height\":591,\"caption\":\"ATP\"},\"image\":{\"@id\":\"https:\/\/atp.lodz.pl\/#\/schema\/logo\/image\/\"}}]}<\/script>\n<!-- \/ Yoast SEO plugin. -->","yoast_head_json":{"title":"Katalog - Akademickie Targi Pracy","robots":{"index":"index","follow":"follow","max-snippet":"max-snippet:-1","max-image-preview":"max-image-preview:large","max-video-preview":"max-video-preview:-1"},"canonical":"https:\/\/atp.lodz.pl\/en\/katalog\/","og_locale":"en_GB","og_type":"article","og_title":"Katalog - Akademickie Targi Pracy","og_description":"Przygotowany katalog targowy zawiera profile wszystkich sponsor\u00f3w, wystawc\u00f3w i instytucji, kt\u00f3re zdecydowa\u0142y si\u0119 by\u0107 tutaj dzi\u015b razem z nami. S\u0105 to przedstawiciele r\u00f3\u017cnych sektor\u00f3w gospodarki, kt\u00f3rzy poszukuj\u0105 student\u00f3w i absolwent\u00f3w nie tylko z Politechniki \u0141\u00f3dzkiej i Uniwersytetu Medycznego, ale te\u017c z innych \u0142\u00f3dzkich uczelni. Zach\u0119camy do zapoznania si\u0119 z katalogiem targowym dost\u0119pnym w wersji\u00a0 elektronicznej. \u00a0","og_url":"https:\/\/atp.lodz.pl\/en\/katalog\/","og_site_name":"Akademickie Targi Pracy","article_modified_time":"2024-04-22T13:01:28+00:00","og_image":[{"url":"https:\/\/atp.lodz.pl\/wp-content\/uploads\/2024\/04\/ATP_2024_tla_na_tytulowa_do_ofert_pion_pl-724x1024.jpg"}],"twitter_card":"summary_large_image","twitter_misc":{"Estimated reading time":"1 minute"},"schema":{"@context":"https:\/\/schema.org","@graph":[{"@type":"WebPage","@id":"https:\/\/atp.lodz.pl\/katalog\/","url":"https:\/\/atp.lodz.pl\/katalog\/","name":"Katalog - Akademickie Targi Pracy","isPartOf":{"@id":"https:\/\/atp.lodz.pl\/#website"},"primaryImageOfPage":{"@id":"https:\/\/atp.lodz.pl\/katalog\/#primaryimage"},"image":{"@id":"https:\/\/atp.lodz.pl\/katalog\/#primaryimage"},"thumbnailUrl":"https:\/\/atp.lodz.pl\/wp-content\/uploads\/2024\/04\/ATP_2024_tla_na_tytulowa_do_ofert_pion_pl-724x1024.jpg","datePublished":"2024-04-08T11:32:39+00:00","dateModified":"2024-04-22T13:01:28+00:00","breadcrumb":{"@id":"https:\/\/atp.lodz.pl\/katalog\/#breadcrumb"},"inLanguage":"en-GB","potentialAction":[{"@type":"ReadAction","target":["https:\/\/atp.lodz.pl\/katalog\/"]}]},{"@type":"ImageObject","inLanguage":"en-GB","@id":"https:\/\/atp.lodz.pl\/katalog\/#primaryimage","url":"https:\/\/atp.lodz.pl\/wp-content\/uploads\/2024\/04\/ATP_2024_tla_na_tytulowa_do_ofert_pion_pl-724x1024.jpg","contentUrl":"https:\/\/atp.lodz.pl\/wp-content\/uploads\/2024\/04\/ATP_2024_tla_na_tytulowa_do_ofert_pion_pl-724x1024.jpg"},{"@type":"BreadcrumbList","@id":"https:\/\/atp.lodz.pl\/katalog\/#breadcrumb","itemListElement":[{"@type":"ListItem","position":1,"name":"Strona g\u0142\u00f3wna","item":"https:\/\/atp.lodz.pl\/"},{"@type":"ListItem","position":2,"name":"Katalog"}]},{"@type":"WebSite","@id":"https:\/\/atp.lodz.pl\/#website","url":"https:\/\/atp.lodz.pl\/","name":"Akademickie Targi Pracy","description":"","publisher":{"@id":"https:\/\/atp.lodz.pl\/#organization"},"alternateName":"ATP","potentialAction":[{"@type":"SearchAction","target":{"@type":"EntryPoint","urlTemplate":"https:\/\/atp.lodz.pl\/?s={search_term_string}"},"query-input":"required name=search_term_string"}],"inLanguage":"en-GB"},{"@type":"Organization","@id":"https:\/\/atp.lodz.pl\/#organization","name":"ATP","url":"https:\/\/atp.lodz.pl\/","logo":{"@type":"ImageObject","inLanguage":"en-GB","@id":"https:\/\/atp.lodz.pl\/#\/schema\/logo\/image\/","url":"https:\/\/atp.lodz.pl\/wp-content\/uploads\/2023\/10\/Logo_ATP_4.png","contentUrl":"https:\/\/atp.lodz.pl\/wp-content\/uploads\/2023\/10\/Logo_ATP_4.png","width":1772,"height":591,"caption":"ATP"},"image":{"@id":"https:\/\/atp.lodz.pl\/#\/schema\/logo\/image\/"}}]}},"_links":{"self":[{"href":"https:\/\/atp.lodz.pl\/en\/wp-json\/wp\/v2\/pages\/1151","targetHints":{"allow":["GET"]}}],"collection":[{"href":"https:\/\/atp.lodz.pl\/en\/wp-json\/wp\/v2\/pages"}],"about":[{"href":"https:\/\/atp.lodz.pl\/en\/wp-json\/wp\/v2\/types\/page"}],"author":[{"embeddable":true,"href":"https:\/\/atp.lodz.pl\/en\/wp-json\/wp\/v2\/users\/1"}],"replies":[{"embeddable":true,"href":"https:\/\/atp.lodz.pl\/en\/wp-json\/wp\/v2\/comments?post=1151"}],"version-history":[{"count":25,"href":"https:\/\/atp.lodz.pl\/en\/wp-json\/wp\/v2\/pages\/1151\/revisions"}],"predecessor-version":[{"id":2335,"href":"https:\/\/atp.lodz.pl\/en\/wp-json\/wp\/v2\/pages\/1151\/revisions\/2335"}],"wp:attachment":[{"href":"https:\/\/atp.lodz.pl\/en\/wp-json\/wp\/v2\/media?parent=1151"}],"curies":[{"name":"wp","href":"https:\/\/api.w.org\/{rel}","templated":true}]}}