{"id":1145,"date":"2024-04-08T13:31:20","date_gmt":"2024-04-08T11:31:20","guid":{"rendered":"https:\/\/atp.lodz.pl\/?page_id=1145"},"modified":"2026-04-01T13:46:24","modified_gmt":"2026-04-01T11:46:24","slug":"strefadoradcza","status":"publish","type":"page","link":"https:\/\/atp.lodz.pl\/en\/strefadoradcza\/","title":{"rendered":"Advisory space"},"content":{"rendered":"<div data-elementor-type=\"wp-page\" data-elementor-id=\"1145\" class=\"elementor elementor-1145\">\n\t\t\t\t<div class=\"elementor-element elementor-element-3ac6e493 e-flex e-con-boxed e-con e-parent\" data-id=\"3ac6e493\" data-element_type=\"container\" data-e-type=\"container\">\n\t\t\t\t\t<div class=\"e-con-inner\">\n\t\t\t\t<div class=\"elementor-element elementor-element-2ebf7da7 elementor-widget elementor-widget-text-editor\" data-id=\"2ebf7da7\" data-element_type=\"widget\" data-e-type=\"widget\" data-widget_type=\"text-editor.default\">\n\t\t\t\t<div class=\"elementor-widget-container\">\n\t\t\t\t\t\t\t\t\t<h5><strong>Advisory space<\/strong>\u00a0\u2013 it\u2019s a space in which every student and graduate can take advantage of specialists \u2013 career counsellors, who advise what to emphasise in CV, how to write professional cover letter and how to flawlessly present themselves on a job interview. Additionally, visitor will have the opportunity to prove oneself in a job interview simulations in both Polish and English languages.<\/h5><h5>This year Advisory space is supported by:<\/h5><ul><li><h5>Fundacja Aktywizacja oddzia\u0142 w \u0141odzi,<\/h5><\/li><li><h5><span style=\"color: #000000;\"><span style=\"font-family: arial, helvetica, sans-serif; font-size: 14px;\">Job Impulse Polska Sp.z o.o.,<\/span><\/span><\/h5><\/li><li><h5><span style=\"color: #000000;\">Pa\u0144stwowa Inspekcja Pracy \u2013 Okr\u0119gowy Inspektorat Pracy w \u0141odzi<\/span><\/h5><\/li><li><h5>Rado\u015b\u0107 \u017bycia Anna Dobromira Cywi\u0144ska,<\/h5><\/li><li><h5>Studenckie Ko\u0142o Naukowe Studenckie Biuro Karier Profil<\/h5><\/li><li><h5>Urz\u0105d Marsza\u0142kowski Wojew\u00f3dztwa \u0141\u00f3dzkiego,<\/h5><\/li><li><h5>Wojew\u00f3dzki Urz\u0105d Pracy w \u0141odzi \u2013 Centrum Poradnictwa Zawodowego.<\/h5><\/li><\/ul>\t\t\t\t\t\t\t\t<\/div>\n\t\t\t\t<\/div>\n\t\t\t\t\t<\/div>\n\t\t\t\t<\/div>\n\t\t<div class=\"elementor-element elementor-element-df2246e e-flex e-con-boxed e-con e-parent\" data-id=\"df2246e\" data-element_type=\"container\" data-e-type=\"container\">\n\t\t\t\t\t<div class=\"e-con-inner\">\n\t\t<div class=\"elementor-element elementor-element-64f76fe e-con-full e-flex e-con e-child\" data-id=\"64f76fe\" data-element_type=\"container\" data-e-type=\"container\">\n\t\t\t\t<div class=\"elementor-element elementor-element-7e3dc21 elementor-widget elementor-widget-image\" data-id=\"7e3dc21\" data-element_type=\"widget\" data-e-type=\"widget\" data-widget_type=\"image.default\">\n\t\t\t\t<div class=\"elementor-widget-container\">\n\t\t\t\t\t\t\t\t\t\t\t\t\t\t\t<img fetchpriority=\"high\" decoding=\"async\" width=\"300\" height=\"186\" src=\"https:\/\/atp.lodz.pl\/wp-content\/uploads\/2025\/02\/aktywizacja-300x186-1.jpg\" class=\"attachment-large size-large wp-image-2382\" alt=\"\" \/>\t\t\t\t\t\t\t\t\t\t\t\t\t\t\t<\/div>\n\t\t\t\t<\/div>\n\t\t\t\t<\/div>\n\t\t<div class=\"elementor-element elementor-element-bf23840 e-con-full e-flex e-con e-child\" data-id=\"bf23840\" data-element_type=\"container\" data-e-type=\"container\">\n\t\t\t\t<div class=\"elementor-element elementor-element-46f22c5 elementor-widget elementor-widget-image\" data-id=\"46f22c5\" data-element_type=\"widget\" data-e-type=\"widget\" data-widget_type=\"image.default\">\n\t\t\t\t<div class=\"elementor-widget-container\">\n\t\t\t\t\t\t\t\t\t\t\t\t\t\t\t\t<a href=\"https:\/\/jobimpulse.pl\/\">\n\t\t\t\t\t\t\t<img decoding=\"async\" width=\"500\" height=\"307\" src=\"https:\/\/atp.lodz.pl\/wp-content\/uploads\/2026\/02\/JOB-IMPULSE-20-LAT_LOGO.png\" class=\"attachment-large size-large wp-image-3133\" alt=\"\" srcset=\"https:\/\/atp.lodz.pl\/wp-content\/uploads\/2026\/02\/JOB-IMPULSE-20-LAT_LOGO.png 500w, https:\/\/atp.lodz.pl\/wp-content\/uploads\/2026\/02\/JOB-IMPULSE-20-LAT_LOGO-300x184.png 300w\" sizes=\"(max-width: 500px) 100vw, 500px\" \/>\t\t\t\t\t\t\t\t<\/a>\n\t\t\t\t\t\t\t\t\t\t\t\t\t\t\t<\/div>\n\t\t\t\t<\/div>\n\t\t\t\t<\/div>\n\t\t<div class=\"elementor-element elementor-element-98ca248 e-con-full e-flex e-con e-child\" data-id=\"98ca248\" data-element_type=\"container\" data-e-type=\"container\">\n\t\t\t\t<div class=\"elementor-element elementor-element-f7b13f3 elementor-widget elementor-widget-image\" data-id=\"f7b13f3\" data-element_type=\"widget\" data-e-type=\"widget\" data-widget_type=\"image.default\">\n\t\t\t\t<div class=\"elementor-widget-container\">\n\t\t\t\t\t\t\t\t\t\t\t\t\t\t\t\t<a href=\"https:\/\/www.gov.pl\/web\/uw-lodzki\">\n\t\t\t\t\t\t\t<img decoding=\"async\" width=\"501\" height=\"310\" src=\"https:\/\/atp.lodz.pl\/wp-content\/uploads\/2026\/04\/wojewodzki.png\" class=\"attachment-large size-large wp-image-3600\" alt=\"\" srcset=\"https:\/\/atp.lodz.pl\/wp-content\/uploads\/2026\/04\/wojewodzki.png 501w, https:\/\/atp.lodz.pl\/wp-content\/uploads\/2026\/04\/wojewodzki-300x186.png 300w, https:\/\/atp.lodz.pl\/wp-content\/uploads\/2026\/04\/wojewodzki-18x12.png 18w\" sizes=\"(max-width: 501px) 100vw, 501px\" \/>\t\t\t\t\t\t\t\t<\/a>\n\t\t\t\t\t\t\t\t\t\t\t\t\t\t\t<\/div>\n\t\t\t\t<\/div>\n\t\t\t\t<\/div>\n\t\t\t\t\t<\/div>\n\t\t\t\t<\/div>\n\t\t<div class=\"elementor-element elementor-element-77e86dd e-grid e-con-boxed e-con e-parent\" data-id=\"77e86dd\" data-element_type=\"container\" data-e-type=\"container\">\n\t\t\t\t\t<div class=\"e-con-inner\">\n\t\t\t\t<div class=\"elementor-element elementor-element-0cc6e54 elementor-widget elementor-widget-image\" data-id=\"0cc6e54\" data-element_type=\"widget\" data-e-type=\"widget\" data-widget_type=\"image.default\">\n\t\t\t\t<div class=\"elementor-widget-container\">\n\t\t\t\t\t\t\t\t\t\t\t\t\t\t\t<img loading=\"lazy\" decoding=\"async\" width=\"500\" height=\"310\" src=\"https:\/\/atp.lodz.pl\/wp-content\/uploads\/2025\/02\/pip.jpg\" class=\"attachment-large size-large wp-image-2485\" alt=\"\" srcset=\"https:\/\/atp.lodz.pl\/wp-content\/uploads\/2025\/02\/pip.jpg 500w, https:\/\/atp.lodz.pl\/wp-content\/uploads\/2025\/02\/pip-300x186.jpg 300w\" sizes=\"(max-width: 500px) 100vw, 500px\" \/>\t\t\t\t\t\t\t\t\t\t\t\t\t\t\t<\/div>\n\t\t\t\t<\/div>\n\t\t\t\t<div class=\"elementor-element elementor-element-e2758f7 elementor-widget elementor-widget-image\" data-id=\"e2758f7\" data-element_type=\"widget\" data-e-type=\"widget\" data-widget_type=\"image.default\">\n\t\t\t\t<div class=\"elementor-widget-container\">\n\t\t\t\t\t\t\t\t\t\t\t\t\t\t\t<img loading=\"lazy\" decoding=\"async\" width=\"500\" height=\"310\" src=\"https:\/\/atp.lodz.pl\/wp-content\/uploads\/2024\/04\/radosc_nowe.png\" class=\"attachment-large size-large wp-image-1974\" alt=\"\" srcset=\"https:\/\/atp.lodz.pl\/wp-content\/uploads\/2024\/04\/radosc_nowe.png 500w, https:\/\/atp.lodz.pl\/wp-content\/uploads\/2024\/04\/radosc_nowe-300x186.png 300w\" sizes=\"(max-width: 500px) 100vw, 500px\" \/>\t\t\t\t\t\t\t\t\t\t\t\t\t\t\t<\/div>\n\t\t\t\t<\/div>\n\t\t\t\t<div class=\"elementor-element elementor-element-0b06d2c elementor-widget elementor-widget-image\" data-id=\"0b06d2c\" data-element_type=\"widget\" data-e-type=\"widget\" data-widget_type=\"image.default\">\n\t\t\t\t<div class=\"elementor-widget-container\">\n\t\t\t\t\t\t\t\t\t\t\t\t\t\t\t<img loading=\"lazy\" decoding=\"async\" width=\"500\" height=\"310\" src=\"https:\/\/atp.lodz.pl\/wp-content\/uploads\/2026\/02\/profil.jpg\" class=\"attachment-large size-large wp-image-3129\" alt=\"\" srcset=\"https:\/\/atp.lodz.pl\/wp-content\/uploads\/2026\/02\/profil.jpg 500w, https:\/\/atp.lodz.pl\/wp-content\/uploads\/2026\/02\/profil-300x186.jpg 300w\" sizes=\"(max-width: 500px) 100vw, 500px\" \/>\t\t\t\t\t\t\t\t\t\t\t\t\t\t\t<\/div>\n\t\t\t\t<\/div>\n\t\t\t\t<div class=\"elementor-element elementor-element-5ef52bd elementor-widget elementor-widget-image\" data-id=\"5ef52bd\" data-element_type=\"widget\" data-e-type=\"widget\" data-widget_type=\"image.default\">\n\t\t\t\t<div class=\"elementor-widget-container\">\n\t\t\t\t\t\t\t\t\t\t\t\t\t\t\t\t<a href=\"https:\/\/funduszeue.lodzkie.pl\/instytucje-w-programie\/pife\">\n\t\t\t\t\t\t\t<img loading=\"lazy\" decoding=\"async\" width=\"300\" height=\"186\" src=\"https:\/\/atp.lodz.pl\/wp-content\/uploads\/2025\/02\/wum-300x186-1.png\" class=\"attachment-large size-large wp-image-2383\" alt=\"\" \/>\t\t\t\t\t\t\t\t<\/a>\n\t\t\t\t\t\t\t\t\t\t\t\t\t\t\t<\/div>\n\t\t\t\t<\/div>\n\t\t\t\t<div class=\"elementor-element elementor-element-acb656b elementor-widget elementor-widget-image\" data-id=\"acb656b\" data-element_type=\"widget\" data-e-type=\"widget\" data-widget_type=\"image.default\">\n\t\t\t\t<div class=\"elementor-widget-container\">\n\t\t\t\t\t\t\t\t\t\t\t\t\t\t\t\t<a href=\"https:\/\/wuplodz.praca.gov.pl\/\">\n\t\t\t\t\t\t\t<img loading=\"lazy\" decoding=\"async\" width=\"500\" height=\"310\" src=\"https:\/\/atp.lodz.pl\/wp-content\/uploads\/2025\/02\/wup_3.png\" class=\"attachment-large size-large wp-image-2384\" alt=\"\" srcset=\"https:\/\/atp.lodz.pl\/wp-content\/uploads\/2025\/02\/wup_3.png 500w, https:\/\/atp.lodz.pl\/wp-content\/uploads\/2025\/02\/wup_3-300x186.png 300w\" sizes=\"(max-width: 500px) 100vw, 500px\" \/>\t\t\t\t\t\t\t\t<\/a>\n\t\t\t\t\t\t\t\t\t\t\t\t\t\t\t<\/div>\n\t\t\t\t<\/div>\n\t\t\t\t\t<\/div>\n\t\t\t\t<\/div>\n\t\t\t\t<\/div>","protected":false},"excerpt":{"rendered":"<p>Strefa doradcza\u00a0&#8211;\u00a0 to miejsce, w kt\u00f3rym ka\u017cdy student i absolwent b\u0119dzie mia\u0142 mo\u017cliwo\u015b\u0107 skorzystania z porady specjalist\u00f3w &#8211; doradc\u00f3w zawodowych, kt\u00f3rzy podpowiedz\u0105, co podkre\u015bli\u0107 w CV, jak napisa\u0107 profesjonalny list motywacyjny i jak bezb\u0142\u0119dnie zaprezentowa\u0107 si\u0119 na rozmowie kwalifikacyjnej. Dodatkowo odwiedzaj\u0105cy b\u0119d\u0105 mieli mo\u017cliwo\u015b\u0107 sprawdzenia swoich si\u0142 w symulacji rozm\u00f3w rekrutacyjnych w j\u0119zyku polskim oraz angielskim. W tym roku w [&hellip;]<\/p>\n","protected":false},"author":1,"featured_media":0,"parent":0,"menu_order":0,"comment_status":"closed","ping_status":"closed","template":"","meta":{"_EventAllDay":false,"_EventTimezone":"","_EventStartDate":"","_EventEndDate":"","_EventStartDateUTC":"","_EventEndDateUTC":"","_EventShowMap":false,"_EventShowMapLink":false,"_EventURL":"","_EventCost":"","_EventCostDescription":"","_EventCurrencySymbol":"","_EventCurrencyCode":"","_EventCurrencyPosition":"","_EventDateTimeSeparator":"","_EventTimeRangeSeparator":"","_EventOrganizerID":[],"_EventVenueID":[],"_OrganizerEmail":"","_OrganizerPhone":"","_OrganizerWebsite":"","_VenueAddress":"","_VenueCity":"","_VenueCountry":"","_VenueProvince":"","_VenueState":"","_VenueZip":"","_VenuePhone":"","_VenueURL":"","_VenueStateProvince":"","_VenueLat":"","_VenueLng":"","_VenueShowMap":false,"_VenueShowMapLink":false,"footnotes":""},"class_list":["post-1145","page","type-page","status-publish","hentry"],"yoast_head":"<!-- This site is optimized with the Yoast SEO plugin v22.4 - https:\/\/yoast.com\/wordpress\/plugins\/seo\/ -->\n<title>Strefa doradcza - Akademickie Targi Pracy<\/title>\n<meta name=\"robots\" content=\"index, follow, max-snippet:-1, max-image-preview:large, max-video-preview:-1\" \/>\n<link rel=\"canonical\" href=\"https:\/\/atp.lodz.pl\/en\/strefadoradcza\/\" \/>\n<meta property=\"og:locale\" content=\"en_GB\" \/>\n<meta property=\"og:type\" content=\"article\" \/>\n<meta property=\"og:title\" content=\"Strefa doradcza - Akademickie Targi Pracy\" \/>\n<meta property=\"og:description\" content=\"Strefa doradcza\u00a0&#8211;\u00a0 to miejsce, w kt\u00f3rym ka\u017cdy student i absolwent b\u0119dzie mia\u0142 mo\u017cliwo\u015b\u0107 skorzystania z porady specjalist\u00f3w &#8211; doradc\u00f3w zawodowych, kt\u00f3rzy podpowiedz\u0105, co podkre\u015bli\u0107 w CV, jak napisa\u0107 profesjonalny list motywacyjny i jak bezb\u0142\u0119dnie zaprezentowa\u0107 si\u0119 na rozmowie kwalifikacyjnej. Dodatkowo odwiedzaj\u0105cy b\u0119d\u0105 mieli mo\u017cliwo\u015b\u0107 sprawdzenia swoich si\u0142 w symulacji rozm\u00f3w rekrutacyjnych w j\u0119zyku polskim oraz angielskim. W tym roku w [&hellip;]\" \/>\n<meta property=\"og:url\" content=\"https:\/\/atp.lodz.pl\/en\/strefadoradcza\/\" \/>\n<meta property=\"og:site_name\" content=\"Akademickie Targi Pracy\" \/>\n<meta property=\"article:modified_time\" content=\"2026-04-01T11:46:24+00:00\" \/>\n<meta property=\"og:image\" content=\"https:\/\/atp.lodz.pl\/wp-content\/uploads\/2025\/02\/aktywizacja-300x186-1.jpg\" \/>\n<meta name=\"twitter:card\" content=\"summary_large_image\" \/>\n<meta name=\"twitter:label1\" content=\"Estimated reading time\" \/>\n\t<meta name=\"twitter:data1\" content=\"3 minutes\" \/>\n<script type=\"application\/ld+json\" class=\"yoast-schema-graph\">{\"@context\":\"https:\/\/schema.org\",\"@graph\":[{\"@type\":\"WebPage\",\"@id\":\"https:\/\/atp.lodz.pl\/strefadoradcza\/\",\"url\":\"https:\/\/atp.lodz.pl\/strefadoradcza\/\",\"name\":\"Strefa doradcza - Akademickie Targi Pracy\",\"isPartOf\":{\"@id\":\"https:\/\/atp.lodz.pl\/#website\"},\"primaryImageOfPage\":{\"@id\":\"https:\/\/atp.lodz.pl\/strefadoradcza\/#primaryimage\"},\"image\":{\"@id\":\"https:\/\/atp.lodz.pl\/strefadoradcza\/#primaryimage\"},\"thumbnailUrl\":\"https:\/\/atp.lodz.pl\/wp-content\/uploads\/2025\/02\/aktywizacja-300x186-1.jpg\",\"datePublished\":\"2024-04-08T11:31:20+00:00\",\"dateModified\":\"2026-04-01T11:46:24+00:00\",\"breadcrumb\":{\"@id\":\"https:\/\/atp.lodz.pl\/strefadoradcza\/#breadcrumb\"},\"inLanguage\":\"en-GB\",\"potentialAction\":[{\"@type\":\"ReadAction\",\"target\":[\"https:\/\/atp.lodz.pl\/strefadoradcza\/\"]}]},{\"@type\":\"ImageObject\",\"inLanguage\":\"en-GB\",\"@id\":\"https:\/\/atp.lodz.pl\/strefadoradcza\/#primaryimage\",\"url\":\"https:\/\/atp.lodz.pl\/wp-content\/uploads\/2025\/02\/aktywizacja-300x186-1.jpg\",\"contentUrl\":\"https:\/\/atp.lodz.pl\/wp-content\/uploads\/2025\/02\/aktywizacja-300x186-1.jpg\"},{\"@type\":\"BreadcrumbList\",\"@id\":\"https:\/\/atp.lodz.pl\/strefadoradcza\/#breadcrumb\",\"itemListElement\":[{\"@type\":\"ListItem\",\"position\":1,\"name\":\"Strona g\u0142\u00f3wna\",\"item\":\"https:\/\/atp.lodz.pl\/\"},{\"@type\":\"ListItem\",\"position\":2,\"name\":\"Strefa doradcza\"}]},{\"@type\":\"WebSite\",\"@id\":\"https:\/\/atp.lodz.pl\/#website\",\"url\":\"https:\/\/atp.lodz.pl\/\",\"name\":\"Akademickie Targi Pracy\",\"description\":\"\",\"publisher\":{\"@id\":\"https:\/\/atp.lodz.pl\/#organization\"},\"alternateName\":\"ATP\",\"potentialAction\":[{\"@type\":\"SearchAction\",\"target\":{\"@type\":\"EntryPoint\",\"urlTemplate\":\"https:\/\/atp.lodz.pl\/?s={search_term_string}\"},\"query-input\":\"required name=search_term_string\"}],\"inLanguage\":\"en-GB\"},{\"@type\":\"Organization\",\"@id\":\"https:\/\/atp.lodz.pl\/#organization\",\"name\":\"ATP\",\"url\":\"https:\/\/atp.lodz.pl\/\",\"logo\":{\"@type\":\"ImageObject\",\"inLanguage\":\"en-GB\",\"@id\":\"https:\/\/atp.lodz.pl\/#\/schema\/logo\/image\/\",\"url\":\"https:\/\/atp.lodz.pl\/wp-content\/uploads\/2023\/10\/Logo_ATP_4.png\",\"contentUrl\":\"https:\/\/atp.lodz.pl\/wp-content\/uploads\/2023\/10\/Logo_ATP_4.png\",\"width\":1772,\"height\":591,\"caption\":\"ATP\"},\"image\":{\"@id\":\"https:\/\/atp.lodz.pl\/#\/schema\/logo\/image\/\"}}]}<\/script>\n<!-- \/ Yoast SEO plugin. -->","yoast_head_json":{"title":"Strefa doradcza - Akademickie Targi Pracy","robots":{"index":"index","follow":"follow","max-snippet":"max-snippet:-1","max-image-preview":"max-image-preview:large","max-video-preview":"max-video-preview:-1"},"canonical":"https:\/\/atp.lodz.pl\/en\/strefadoradcza\/","og_locale":"en_GB","og_type":"article","og_title":"Strefa doradcza - Akademickie Targi Pracy","og_description":"Strefa doradcza\u00a0&#8211;\u00a0 to miejsce, w kt\u00f3rym ka\u017cdy student i absolwent b\u0119dzie mia\u0142 mo\u017cliwo\u015b\u0107 skorzystania z porady specjalist\u00f3w &#8211; doradc\u00f3w zawodowych, kt\u00f3rzy podpowiedz\u0105, co podkre\u015bli\u0107 w CV, jak napisa\u0107 profesjonalny list motywacyjny i jak bezb\u0142\u0119dnie zaprezentowa\u0107 si\u0119 na rozmowie kwalifikacyjnej. Dodatkowo odwiedzaj\u0105cy b\u0119d\u0105 mieli mo\u017cliwo\u015b\u0107 sprawdzenia swoich si\u0142 w symulacji rozm\u00f3w rekrutacyjnych w j\u0119zyku polskim oraz angielskim. W tym roku w [&hellip;]","og_url":"https:\/\/atp.lodz.pl\/en\/strefadoradcza\/","og_site_name":"Akademickie Targi Pracy","article_modified_time":"2026-04-01T11:46:24+00:00","og_image":[{"url":"https:\/\/atp.lodz.pl\/wp-content\/uploads\/2025\/02\/aktywizacja-300x186-1.jpg"}],"twitter_card":"summary_large_image","twitter_misc":{"Estimated reading time":"3 minutes"},"schema":{"@context":"https:\/\/schema.org","@graph":[{"@type":"WebPage","@id":"https:\/\/atp.lodz.pl\/strefadoradcza\/","url":"https:\/\/atp.lodz.pl\/strefadoradcza\/","name":"Strefa doradcza - Akademickie Targi Pracy","isPartOf":{"@id":"https:\/\/atp.lodz.pl\/#website"},"primaryImageOfPage":{"@id":"https:\/\/atp.lodz.pl\/strefadoradcza\/#primaryimage"},"image":{"@id":"https:\/\/atp.lodz.pl\/strefadoradcza\/#primaryimage"},"thumbnailUrl":"https:\/\/atp.lodz.pl\/wp-content\/uploads\/2025\/02\/aktywizacja-300x186-1.jpg","datePublished":"2024-04-08T11:31:20+00:00","dateModified":"2026-04-01T11:46:24+00:00","breadcrumb":{"@id":"https:\/\/atp.lodz.pl\/strefadoradcza\/#breadcrumb"},"inLanguage":"en-GB","potentialAction":[{"@type":"ReadAction","target":["https:\/\/atp.lodz.pl\/strefadoradcza\/"]}]},{"@type":"ImageObject","inLanguage":"en-GB","@id":"https:\/\/atp.lodz.pl\/strefadoradcza\/#primaryimage","url":"https:\/\/atp.lodz.pl\/wp-content\/uploads\/2025\/02\/aktywizacja-300x186-1.jpg","contentUrl":"https:\/\/atp.lodz.pl\/wp-content\/uploads\/2025\/02\/aktywizacja-300x186-1.jpg"},{"@type":"BreadcrumbList","@id":"https:\/\/atp.lodz.pl\/strefadoradcza\/#breadcrumb","itemListElement":[{"@type":"ListItem","position":1,"name":"Strona g\u0142\u00f3wna","item":"https:\/\/atp.lodz.pl\/"},{"@type":"ListItem","position":2,"name":"Strefa doradcza"}]},{"@type":"WebSite","@id":"https:\/\/atp.lodz.pl\/#website","url":"https:\/\/atp.lodz.pl\/","name":"Akademickie Targi Pracy","description":"","publisher":{"@id":"https:\/\/atp.lodz.pl\/#organization"},"alternateName":"ATP","potentialAction":[{"@type":"SearchAction","target":{"@type":"EntryPoint","urlTemplate":"https:\/\/atp.lodz.pl\/?s={search_term_string}"},"query-input":"required name=search_term_string"}],"inLanguage":"en-GB"},{"@type":"Organization","@id":"https:\/\/atp.lodz.pl\/#organization","name":"ATP","url":"https:\/\/atp.lodz.pl\/","logo":{"@type":"ImageObject","inLanguage":"en-GB","@id":"https:\/\/atp.lodz.pl\/#\/schema\/logo\/image\/","url":"https:\/\/atp.lodz.pl\/wp-content\/uploads\/2023\/10\/Logo_ATP_4.png","contentUrl":"https:\/\/atp.lodz.pl\/wp-content\/uploads\/2023\/10\/Logo_ATP_4.png","width":1772,"height":591,"caption":"ATP"},"image":{"@id":"https:\/\/atp.lodz.pl\/#\/schema\/logo\/image\/"}}]}},"_links":{"self":[{"href":"https:\/\/atp.lodz.pl\/en\/wp-json\/wp\/v2\/pages\/1145","targetHints":{"allow":["GET"]}}],"collection":[{"href":"https:\/\/atp.lodz.pl\/en\/wp-json\/wp\/v2\/pages"}],"about":[{"href":"https:\/\/atp.lodz.pl\/en\/wp-json\/wp\/v2\/types\/page"}],"author":[{"embeddable":true,"href":"https:\/\/atp.lodz.pl\/en\/wp-json\/wp\/v2\/users\/1"}],"replies":[{"embeddable":true,"href":"https:\/\/atp.lodz.pl\/en\/wp-json\/wp\/v2\/comments?post=1145"}],"version-history":[{"count":97,"href":"https:\/\/atp.lodz.pl\/en\/wp-json\/wp\/v2\/pages\/1145\/revisions"}],"predecessor-version":[{"id":3606,"href":"https:\/\/atp.lodz.pl\/en\/wp-json\/wp\/v2\/pages\/1145\/revisions\/3606"}],"wp:attachment":[{"href":"https:\/\/atp.lodz.pl\/en\/wp-json\/wp\/v2\/media?parent=1145"}],"curies":[{"name":"wp","href":"https:\/\/api.w.org\/{rel}","templated":true}]}}