{"id":1140,"date":"2024-04-08T13:30:53","date_gmt":"2024-04-08T11:30:53","guid":{"rendered":"https:\/\/atp.lodz.pl\/?page_id=1140"},"modified":"2024-04-10T12:03:08","modified_gmt":"2024-04-10T10:03:08","slug":"goscspecjalny","status":"publish","type":"page","link":"https:\/\/atp.lodz.pl\/en\/goscspecjalny\/","title":{"rendered":"Go\u015b\u0107 specjalny"},"content":{"rendered":"<div data-elementor-type=\"wp-page\" data-elementor-id=\"1140\" class=\"elementor elementor-1140\">\n\t\t\t\t<div class=\"elementor-element elementor-element-3ac6e493 e-flex e-con-boxed e-con e-parent\" data-id=\"3ac6e493\" data-element_type=\"container\" data-e-type=\"container\">\n\t\t\t\t\t<div class=\"e-con-inner\">\n\t\t\t\t<div class=\"elementor-element elementor-element-fedd69b elementor-widget elementor-widget-image\" data-id=\"fedd69b\" data-element_type=\"widget\" data-e-type=\"widget\" data-widget_type=\"image.default\">\n\t\t\t\t<div class=\"elementor-widget-container\">\n\t\t\t\t\t\t\t\t\t\t\t\t\t\t\t<img fetchpriority=\"high\" decoding=\"async\" width=\"1536\" height=\"522\" src=\"https:\/\/atp.lodz.pl\/wp-content\/uploads\/2024\/04\/atp_2024__gosc-1536x522.jpg\" class=\"attachment-1536x1536 size-1536x1536 wp-image-2235\" alt=\"\" srcset=\"https:\/\/atp.lodz.pl\/wp-content\/uploads\/2024\/04\/atp_2024__gosc-1536x522.jpg 1536w, https:\/\/atp.lodz.pl\/wp-content\/uploads\/2024\/04\/atp_2024__gosc-300x102.jpg 300w, https:\/\/atp.lodz.pl\/wp-content\/uploads\/2024\/04\/atp_2024__gosc-1024x348.jpg 1024w, https:\/\/atp.lodz.pl\/wp-content\/uploads\/2024\/04\/atp_2024__gosc-768x261.jpg 768w, https:\/\/atp.lodz.pl\/wp-content\/uploads\/2024\/04\/atp_2024__gosc.jpg 1920w\" sizes=\"(max-width: 1536px) 100vw, 1536px\" \/>\t\t\t\t\t\t\t\t\t\t\t\t\t\t\t<\/div>\n\t\t\t\t<\/div>\n\t\t\t\t<div class=\"elementor-element elementor-element-2ebf7da7 elementor-widget elementor-widget-text-editor\" data-id=\"2ebf7da7\" data-element_type=\"widget\" data-e-type=\"widget\" data-widget_type=\"text-editor.default\">\n\t\t\t\t<div class=\"elementor-widget-container\">\n\t\t\t\t\t\t\t\t\t\n<p>W tym roku specjalnie dla Was w trakcie ATP\u00a0<strong>w sali widowiskowej hali EXPO-\u0141\u00f3d\u017a<\/strong>\u00a0go\u015bcimy:<\/p>\n<ul>\n<li>Pana Macieja Sawickiego, kt\u00f3ry poprowadzi wyk\u0142ad pt.:\u00a0<em>Rynek pracy w starciu ze sztuczn\u0105 inteligencj\u0105: Nowe \u015bcie\u017cki kariery w epoce wszechmog\u0105cego algorytmu<\/em>.<\/li>\n<li>Pana Rafa\u0142a Masnego, kt\u00f3ry poprowadzi wyk\u0142ad pt.:<em>\u00a0Influencer, czyli side business XXI wieku<\/em>.<\/li>\n<\/ul>\n<h4>\u00a0<\/h4>\n<h4>Szczeg\u00f3\u0142y dotycz\u0105ce wyk\u0142ad\u00f3w poni\u017cej:<\/h4>\n\n<p class=\"is-layout-flow wp-block-quote-is-layout-flow\">\u00a0<\/p>\n\t\t\t\t\t\t\t\t<\/div>\n\t\t\t\t<\/div>\n\t\t\t\t\t<\/div>\n\t\t\t\t<\/div>\n\t\t<div class=\"elementor-element elementor-element-f4f62ee e-flex e-con-boxed e-con e-parent\" data-id=\"f4f62ee\" data-element_type=\"container\" data-e-type=\"container\">\n\t\t\t\t\t<div class=\"e-con-inner\">\n\t\t\t\t\t<\/div>\n\t\t\t\t<\/div>\n\t\t<div class=\"elementor-element elementor-element-a146bdf e-flex e-con-boxed e-con e-parent\" data-id=\"a146bdf\" data-element_type=\"container\" data-e-type=\"container\">\n\t\t\t\t\t<div class=\"e-con-inner\">\n\t\t\t\t\t<\/div>\n\t\t\t\t<\/div>\n\t\t<div class=\"elementor-element elementor-element-403e8b6 e-con-full e-flex e-con e-parent\" data-id=\"403e8b6\" data-element_type=\"container\" data-e-type=\"container\">\n\t\t\t\t<\/div>\n\t\t\t\t<\/div>","protected":false},"excerpt":{"rendered":"<p>W tym roku specjalnie dla Was w trakcie ATP\u00a0w sali widowiskowej hali EXPO-\u0141\u00f3d\u017a\u00a0go\u015bcimy: Pana Macieja Sawickiego, kt\u00f3ry poprowadzi wyk\u0142ad pt.:\u00a0Rynek pracy w starciu ze sztuczn\u0105 inteligencj\u0105: Nowe \u015bcie\u017cki kariery w epoce wszechmog\u0105cego algorytmu. Pana Rafa\u0142a Masnego, kt\u00f3ry poprowadzi wyk\u0142ad pt.:\u00a0Influencer, czyli side business XXI wieku. \u00a0 Szczeg\u00f3\u0142y dotycz\u0105ce wyk\u0142ad\u00f3w poni\u017cej: \u00a0 Tw\u00f3rca internetowy i przedsi\u0119biorca. Obserwator i wsp\u00f3\u0142tw\u00f3rca rynku polskiego [&hellip;]<\/p>\n","protected":false},"author":1,"featured_media":0,"parent":0,"menu_order":0,"comment_status":"closed","ping_status":"closed","template":"","meta":{"_EventAllDay":false,"_EventTimezone":"","_EventStartDate":"","_EventEndDate":"","_EventStartDateUTC":"","_EventEndDateUTC":"","_EventShowMap":false,"_EventShowMapLink":false,"_EventURL":"","_EventCost":"","_EventCostDescription":"","_EventCurrencySymbol":"","_EventCurrencyCode":"","_EventCurrencyPosition":"","_EventDateTimeSeparator":"","_EventTimeRangeSeparator":"","_EventOrganizerID":[],"_EventVenueID":[],"_OrganizerEmail":"","_OrganizerPhone":"","_OrganizerWebsite":"","_VenueAddress":"","_VenueCity":"","_VenueCountry":"","_VenueProvince":"","_VenueState":"","_VenueZip":"","_VenuePhone":"","_VenueURL":"","_VenueStateProvince":"","_VenueLat":"","_VenueLng":"","_VenueShowMap":false,"_VenueShowMapLink":false,"footnotes":""},"class_list":["post-1140","page","type-page","status-publish","hentry"],"yoast_head":"<!-- This site is optimized with the Yoast SEO plugin v22.4 - https:\/\/yoast.com\/wordpress\/plugins\/seo\/ -->\n<title>Go\u015b\u0107 specjalny - Akademickie Targi Pracy<\/title>\n<meta name=\"robots\" content=\"index, follow, max-snippet:-1, max-image-preview:large, max-video-preview:-1\" \/>\n<link rel=\"canonical\" href=\"https:\/\/atp.lodz.pl\/en\/goscspecjalny\/\" \/>\n<meta property=\"og:locale\" content=\"en_GB\" \/>\n<meta property=\"og:type\" content=\"article\" \/>\n<meta property=\"og:title\" content=\"Go\u015b\u0107 specjalny - Akademickie Targi Pracy\" \/>\n<meta property=\"og:description\" content=\"W tym roku specjalnie dla Was w trakcie ATP\u00a0w sali widowiskowej hali EXPO-\u0141\u00f3d\u017a\u00a0go\u015bcimy: Pana Macieja Sawickiego, kt\u00f3ry poprowadzi wyk\u0142ad pt.:\u00a0Rynek pracy w starciu ze sztuczn\u0105 inteligencj\u0105: Nowe \u015bcie\u017cki kariery w epoce wszechmog\u0105cego algorytmu. Pana Rafa\u0142a Masnego, kt\u00f3ry poprowadzi wyk\u0142ad pt.:\u00a0Influencer, czyli side business XXI wieku. \u00a0 Szczeg\u00f3\u0142y dotycz\u0105ce wyk\u0142ad\u00f3w poni\u017cej: \u00a0 Tw\u00f3rca internetowy i przedsi\u0119biorca. Obserwator i wsp\u00f3\u0142tw\u00f3rca rynku polskiego [&hellip;]\" \/>\n<meta property=\"og:url\" content=\"https:\/\/atp.lodz.pl\/en\/goscspecjalny\/\" \/>\n<meta property=\"og:site_name\" content=\"Akademickie Targi Pracy\" \/>\n<meta property=\"article:modified_time\" content=\"2024-04-10T10:03:08+00:00\" \/>\n<meta property=\"og:image\" content=\"https:\/\/atp.lodz.pl\/wp-content\/uploads\/2024\/04\/atp_2024__gosc-1536x522.jpg\" \/>\n<meta name=\"twitter:card\" content=\"summary_large_image\" \/>\n<meta name=\"twitter:label1\" content=\"Estimated reading time\" \/>\n\t<meta name=\"twitter:data1\" content=\"1 minute\" \/>\n<script type=\"application\/ld+json\" class=\"yoast-schema-graph\">{\"@context\":\"https:\/\/schema.org\",\"@graph\":[{\"@type\":\"WebPage\",\"@id\":\"https:\/\/atp.lodz.pl\/goscspecjalny\/\",\"url\":\"https:\/\/atp.lodz.pl\/goscspecjalny\/\",\"name\":\"Go\u015b\u0107 specjalny - Akademickie Targi Pracy\",\"isPartOf\":{\"@id\":\"https:\/\/atp.lodz.pl\/#website\"},\"primaryImageOfPage\":{\"@id\":\"https:\/\/atp.lodz.pl\/goscspecjalny\/#primaryimage\"},\"image\":{\"@id\":\"https:\/\/atp.lodz.pl\/goscspecjalny\/#primaryimage\"},\"thumbnailUrl\":\"https:\/\/atp.lodz.pl\/wp-content\/uploads\/2024\/04\/atp_2024__gosc-1536x522.jpg\",\"datePublished\":\"2024-04-08T11:30:53+00:00\",\"dateModified\":\"2024-04-10T10:03:08+00:00\",\"breadcrumb\":{\"@id\":\"https:\/\/atp.lodz.pl\/goscspecjalny\/#breadcrumb\"},\"inLanguage\":\"en-GB\",\"potentialAction\":[{\"@type\":\"ReadAction\",\"target\":[\"https:\/\/atp.lodz.pl\/goscspecjalny\/\"]}]},{\"@type\":\"ImageObject\",\"inLanguage\":\"en-GB\",\"@id\":\"https:\/\/atp.lodz.pl\/goscspecjalny\/#primaryimage\",\"url\":\"https:\/\/atp.lodz.pl\/wp-content\/uploads\/2024\/04\/atp_2024__gosc-1536x522.jpg\",\"contentUrl\":\"https:\/\/atp.lodz.pl\/wp-content\/uploads\/2024\/04\/atp_2024__gosc-1536x522.jpg\"},{\"@type\":\"BreadcrumbList\",\"@id\":\"https:\/\/atp.lodz.pl\/goscspecjalny\/#breadcrumb\",\"itemListElement\":[{\"@type\":\"ListItem\",\"position\":1,\"name\":\"Strona g\u0142\u00f3wna\",\"item\":\"https:\/\/atp.lodz.pl\/\"},{\"@type\":\"ListItem\",\"position\":2,\"name\":\"Go\u015b\u0107 specjalny\"}]},{\"@type\":\"WebSite\",\"@id\":\"https:\/\/atp.lodz.pl\/#website\",\"url\":\"https:\/\/atp.lodz.pl\/\",\"name\":\"Akademickie Targi Pracy\",\"description\":\"\",\"publisher\":{\"@id\":\"https:\/\/atp.lodz.pl\/#organization\"},\"alternateName\":\"ATP\",\"potentialAction\":[{\"@type\":\"SearchAction\",\"target\":{\"@type\":\"EntryPoint\",\"urlTemplate\":\"https:\/\/atp.lodz.pl\/?s={search_term_string}\"},\"query-input\":\"required name=search_term_string\"}],\"inLanguage\":\"en-GB\"},{\"@type\":\"Organization\",\"@id\":\"https:\/\/atp.lodz.pl\/#organization\",\"name\":\"ATP\",\"url\":\"https:\/\/atp.lodz.pl\/\",\"logo\":{\"@type\":\"ImageObject\",\"inLanguage\":\"en-GB\",\"@id\":\"https:\/\/atp.lodz.pl\/#\/schema\/logo\/image\/\",\"url\":\"https:\/\/atp.lodz.pl\/wp-content\/uploads\/2023\/10\/Logo_ATP_4.png\",\"contentUrl\":\"https:\/\/atp.lodz.pl\/wp-content\/uploads\/2023\/10\/Logo_ATP_4.png\",\"width\":1772,\"height\":591,\"caption\":\"ATP\"},\"image\":{\"@id\":\"https:\/\/atp.lodz.pl\/#\/schema\/logo\/image\/\"}}]}<\/script>\n<!-- \/ Yoast SEO plugin. -->","yoast_head_json":{"title":"Go\u015b\u0107 specjalny - Akademickie Targi Pracy","robots":{"index":"index","follow":"follow","max-snippet":"max-snippet:-1","max-image-preview":"max-image-preview:large","max-video-preview":"max-video-preview:-1"},"canonical":"https:\/\/atp.lodz.pl\/en\/goscspecjalny\/","og_locale":"en_GB","og_type":"article","og_title":"Go\u015b\u0107 specjalny - Akademickie Targi Pracy","og_description":"W tym roku specjalnie dla Was w trakcie ATP\u00a0w sali widowiskowej hali EXPO-\u0141\u00f3d\u017a\u00a0go\u015bcimy: Pana Macieja Sawickiego, kt\u00f3ry poprowadzi wyk\u0142ad pt.:\u00a0Rynek pracy w starciu ze sztuczn\u0105 inteligencj\u0105: Nowe \u015bcie\u017cki kariery w epoce wszechmog\u0105cego algorytmu. Pana Rafa\u0142a Masnego, kt\u00f3ry poprowadzi wyk\u0142ad pt.:\u00a0Influencer, czyli side business XXI wieku. \u00a0 Szczeg\u00f3\u0142y dotycz\u0105ce wyk\u0142ad\u00f3w poni\u017cej: \u00a0 Tw\u00f3rca internetowy i przedsi\u0119biorca. Obserwator i wsp\u00f3\u0142tw\u00f3rca rynku polskiego [&hellip;]","og_url":"https:\/\/atp.lodz.pl\/en\/goscspecjalny\/","og_site_name":"Akademickie Targi Pracy","article_modified_time":"2024-04-10T10:03:08+00:00","og_image":[{"url":"https:\/\/atp.lodz.pl\/wp-content\/uploads\/2024\/04\/atp_2024__gosc-1536x522.jpg"}],"twitter_card":"summary_large_image","twitter_misc":{"Estimated reading time":"1 minute"},"schema":{"@context":"https:\/\/schema.org","@graph":[{"@type":"WebPage","@id":"https:\/\/atp.lodz.pl\/goscspecjalny\/","url":"https:\/\/atp.lodz.pl\/goscspecjalny\/","name":"Go\u015b\u0107 specjalny - Akademickie Targi Pracy","isPartOf":{"@id":"https:\/\/atp.lodz.pl\/#website"},"primaryImageOfPage":{"@id":"https:\/\/atp.lodz.pl\/goscspecjalny\/#primaryimage"},"image":{"@id":"https:\/\/atp.lodz.pl\/goscspecjalny\/#primaryimage"},"thumbnailUrl":"https:\/\/atp.lodz.pl\/wp-content\/uploads\/2024\/04\/atp_2024__gosc-1536x522.jpg","datePublished":"2024-04-08T11:30:53+00:00","dateModified":"2024-04-10T10:03:08+00:00","breadcrumb":{"@id":"https:\/\/atp.lodz.pl\/goscspecjalny\/#breadcrumb"},"inLanguage":"en-GB","potentialAction":[{"@type":"ReadAction","target":["https:\/\/atp.lodz.pl\/goscspecjalny\/"]}]},{"@type":"ImageObject","inLanguage":"en-GB","@id":"https:\/\/atp.lodz.pl\/goscspecjalny\/#primaryimage","url":"https:\/\/atp.lodz.pl\/wp-content\/uploads\/2024\/04\/atp_2024__gosc-1536x522.jpg","contentUrl":"https:\/\/atp.lodz.pl\/wp-content\/uploads\/2024\/04\/atp_2024__gosc-1536x522.jpg"},{"@type":"BreadcrumbList","@id":"https:\/\/atp.lodz.pl\/goscspecjalny\/#breadcrumb","itemListElement":[{"@type":"ListItem","position":1,"name":"Strona g\u0142\u00f3wna","item":"https:\/\/atp.lodz.pl\/"},{"@type":"ListItem","position":2,"name":"Go\u015b\u0107 specjalny"}]},{"@type":"WebSite","@id":"https:\/\/atp.lodz.pl\/#website","url":"https:\/\/atp.lodz.pl\/","name":"Akademickie Targi Pracy","description":"","publisher":{"@id":"https:\/\/atp.lodz.pl\/#organization"},"alternateName":"ATP","potentialAction":[{"@type":"SearchAction","target":{"@type":"EntryPoint","urlTemplate":"https:\/\/atp.lodz.pl\/?s={search_term_string}"},"query-input":"required name=search_term_string"}],"inLanguage":"en-GB"},{"@type":"Organization","@id":"https:\/\/atp.lodz.pl\/#organization","name":"ATP","url":"https:\/\/atp.lodz.pl\/","logo":{"@type":"ImageObject","inLanguage":"en-GB","@id":"https:\/\/atp.lodz.pl\/#\/schema\/logo\/image\/","url":"https:\/\/atp.lodz.pl\/wp-content\/uploads\/2023\/10\/Logo_ATP_4.png","contentUrl":"https:\/\/atp.lodz.pl\/wp-content\/uploads\/2023\/10\/Logo_ATP_4.png","width":1772,"height":591,"caption":"ATP"},"image":{"@id":"https:\/\/atp.lodz.pl\/#\/schema\/logo\/image\/"}}]}},"_links":{"self":[{"href":"https:\/\/atp.lodz.pl\/en\/wp-json\/wp\/v2\/pages\/1140","targetHints":{"allow":["GET"]}}],"collection":[{"href":"https:\/\/atp.lodz.pl\/en\/wp-json\/wp\/v2\/pages"}],"about":[{"href":"https:\/\/atp.lodz.pl\/en\/wp-json\/wp\/v2\/types\/page"}],"author":[{"embeddable":true,"href":"https:\/\/atp.lodz.pl\/en\/wp-json\/wp\/v2\/users\/1"}],"replies":[{"embeddable":true,"href":"https:\/\/atp.lodz.pl\/en\/wp-json\/wp\/v2\/comments?post=1140"}],"version-history":[{"count":28,"href":"https:\/\/atp.lodz.pl\/en\/wp-json\/wp\/v2\/pages\/1140\/revisions"}],"predecessor-version":[{"id":2257,"href":"https:\/\/atp.lodz.pl\/en\/wp-json\/wp\/v2\/pages\/1140\/revisions\/2257"}],"wp:attachment":[{"href":"https:\/\/atp.lodz.pl\/en\/wp-json\/wp\/v2\/media?parent=1140"}],"curies":[{"name":"wp","href":"https:\/\/api.w.org\/{rel}","templated":true}]}}