{"id":1127,"date":"2024-04-08T13:29:30","date_gmt":"2024-04-08T11:29:30","guid":{"rendered":"https:\/\/atp.lodz.pl\/?page_id=1127"},"modified":"2026-03-13T17:43:55","modified_gmt":"2026-03-13T16:43:55","slug":"szkolenia","status":"publish","type":"page","link":"https:\/\/atp.lodz.pl\/en\/szkolenia\/","title":{"rendered":"TRAINING SESSIONS"},"content":{"rendered":"\t\t<div data-elementor-type=\"wp-page\" data-elementor-id=\"1127\" class=\"elementor elementor-1127\">\n\t\t\t\t<div class=\"elementor-element elementor-element-3ac6e493 e-flex e-con-boxed e-con e-parent\" data-id=\"3ac6e493\" data-element_type=\"container\" data-e-type=\"container\">\n\t\t\t\t\t<div class=\"e-con-inner\">\n\t\t\t\t<div class=\"elementor-element elementor-element-2ebf7da7 elementor-widget elementor-widget-text-editor\" data-id=\"2ebf7da7\" data-element_type=\"widget\" data-e-type=\"widget\" data-widget_type=\"text-editor.default\">\n\t\t\t\t<div class=\"elementor-widget-container\">\n\t\t\t\t\t\t\t\t\t<p><strong>W ramach tegorocznej edycji Akademickich Targ\u00f3w Pracy zapraszamy wszystkich zainteresowanych do udzia\u0142u w bezp\u0142atnych szkoleniach prowadzonych przez naszych wystawc\u00f3w!<\/strong><\/p><p><strong>Miejsce szkole\u0144:<\/strong>\u00a0Hala Expo-\u0141\u00f3d\u017a, al. Politechniki 4, I pi\u0119tro, sale konferencyjne.<\/p><p><strong>Symbole sal szkoleniowych<\/strong> znajduj\u0105 si\u0119 w opisach poszczeg\u00f3lnych szkole\u0144.<\/p><p><strong>Pe\u0142na lista szkole\u0144:<\/strong><\/p><table width=\"944\"><tbody><tr><td width=\"414\"><p>ABB Sp.z o.o.<\/p><\/td><td width=\"529\"><p><a href=\"https:\/\/biurokarier.p.lodz.pl\/akademickie-targi-pracy-2026\/szkolenia\/abb2-77.html\">&#8222;Zr\u00f3wnowa\u017cone zarz\u0105dzanie cyklem \u017cycia produktu&#8221;<\/a><\/p><\/td><\/tr><tr><td width=\"414\"><p>Barry Callebaut<\/p><\/td><td width=\"529\"><p><a href=\"https:\/\/biurokarier.p.lodz.pl\/akademickie-targi-pracy-2026\/szkolenia\/barry-callebaut-75.html\">&#8222;Odkryj mo\u017cliwo\u015bci LinkedIn!&#8221;<\/a><\/p><\/td><\/tr><tr><td width=\"414\"><p>ElSerwis<\/p><\/td><td width=\"529\"><p><a href=\"https:\/\/biurokarier.p.lodz.pl\/akademickie-targi-pracy-2026\/szkolenia\/elserwis-78.html\">&#8222;Transformacja energetyczna w praktyce in\u017cynierskiej &#8211; badania zabezpiecze\u0144 z wykorzystaniem systemu OMICRON&#8221;<\/a><\/p><\/td><\/tr><tr><td width=\"414\"><p>Hitachi Energy in Poland Sp.z o.o.<\/p><\/td><td width=\"529\"><p><a href=\"https:\/\/biurokarier.p.lodz.pl\/akademickie-targi-pracy-2026\/szkolenia\/hitachi-energy-76.html\">&#8222;Design Thinking &#8211; Jak wydajnie projektowa\u0107 w Creo Parametric i nie tylko&#8221;<\/a><\/p><\/td><\/tr><tr><td width=\"414\"><p>Procter &amp; Gamble<\/p><\/td><td width=\"529\"><p><a href=\"https:\/\/biurokarier.p.lodz.pl\/akademickie-targi-pracy-2026\/szkolenia\/procter-gamble-2026-67.html\">&#8222;Odkryj Data Engineering i Development wspierany przez AI&#8221;<\/a><\/p><\/td><\/tr><tr><td width=\"414\">\u00a0<\/td><td width=\"529\">\u00a0<\/td><\/tr><tr><td width=\"414\">\u00a0<\/td><td width=\"529\">\u00a0<\/td><\/tr><tr><td width=\"414\">\u00a0<\/td><td width=\"529\">\u00a0<\/td><\/tr><\/tbody><\/table><p><strong>ZAPISY:<\/strong> <a href=\"https:\/\/biurokarier.p.lodz.pl\/akademickie-targi-pracy-2026\/szkolenia\">https:\/\/biurokarier.p.lodz.pl\/akademickie-targi-pracy-2026\/szkolenia<\/a><\/p><p><strong style=\"text-align: var(--text-align);\">INFORMACJE ORGANIZACYJNE:<\/strong><\/p><p>1. Wszystkie szkolenia odbywaj\u0105 si\u0119\u00a0<strong>16 kwietnia 2026 r.<\/strong><br \/>2. Szkolenia odbywaj\u0105 si\u0119\u00a0<strong>w godzinach 11:00-15:00, na hali Expo-\u0141\u00f3d\u017a, sale konferencyjne, I pi\u0119tro.<\/strong><br \/>3. Maksymalna d\u0142ugo\u015b\u0107 trwania szkolenia to 2 godziny lekcyjne.<br \/>4.\u00a0<strong>Zapisy<\/strong>\u00a0na szkolenie odbywaj\u0105 si\u0119 poprzez wype\u0142nienie i przes\u0142anie formularza na naszej stronie (brak formularza pod opisem szkolenia \u015bwiadczy o braku wolnych miejsc).<br \/>5. Podczas zapis\u00f3w na szkolenia nale\u017cy zwr\u00f3ci\u0107 uwag\u0119, \u017ce\u00a0<strong>nie wolno<\/strong>\u00a0zapisa\u0107 si\u0119 na kilka szkole\u0144, kt\u00f3re odbywaj\u0105 si\u0119 w tych samych godzinach &#8211; takie osoby\u00a0<span style=\"text-decoration: underline;\">b\u0119d\u0105 automatycznie wypisywane ze wszystkich szkole\u0144<\/span>\u00a0przez Organizator\u00f3w ATP.<br \/>6. Wszystkie szkolenia w ramach ATP 2026 odbywaj\u0105 si\u0119 stacjonarnie i\u00a0 <strong>s\u0105 BEZP\u0141ATNE<\/strong>.<br \/>7. Najp\u00f3\u017aniej na 2 dni przed dniem szkolenia zapisani uczestnicy otrzymaj\u0105 e-mail przypominaj\u0105cy o szkoleniu.<br \/>8. Zapisuj\u0105c si\u0119 na wydarzenie, zgadzasz si\u0119 na przetwarzanie swoich danych osobowych w celu udzia\u0142u w szkoleniu.<br \/>9.\u00a0<strong>Je\u015bli nie mo\u017cesz uczestniczy\u0107 w szkoleniu,<\/strong>\u00a0na kt\u00f3re si\u0119 zapisa\u0142e\u015b \u2013 napisz do nas e-mail na adres:\u00a0<a href=\"mailto:joanna.cicirko@p.lodz.pl\">joanna.cicirko[@]p.lodz.pl\u00a0<\/a>\u00a0<span style=\"text-decoration: underline;\">Zr\u00f3b to do 48 godzin przed wydarzeniem.<\/span>\u00a0W ten spos\u00f3b zwolnisz miejsce i b\u0119dzie m\u00f3g\u0142 z niego skorzysta\u0107 kto\u015b inny. Je\u017celi nie poinformujesz nas o swojej nieobecno\u015bci lub nie anulujesz rezerwacji w tym terminie, stracisz mo\u017cliwo\u015b\u0107 uczestniczenia w szkoleniach ATP w tym i kolejnych latach.<\/p><p><strong>UWAGA!<\/strong><\/p><p>Informujemy, \u017ce w czasie trwania szkolenia obowi\u0105zuje<strong>\u00a0ca\u0142kowity i bezwzgl\u0119dny zakaz fotografowania, nagrywania lub utrwalania w jakiejkolwiek formie lub za pomoc\u0105 jakichkolwiek urz\u0105dze\u0144.<\/strong>\u00a0Uczestnik szkolenia, kt\u00f3ry naruszy\u0142 zakaz nagrywania lub fotografowania szkolenia, zobowi\u0105zany jest do zaspokojenia na sw\u00f3j koszt wszelkich roszcze\u0144 os\u00f3b trzecich z tytu\u0142u naruszenia praw tych os\u00f3b, w szczeg\u00f3lno\u015bci praw autorskich lub praw pokrewnych.<\/p><p><strong>WA\u017bNE!<\/strong><\/p><p>Informujemy, \u017ce ze szkolenia, w kt\u00f3rym bierzesz udzia\u0142 mo\u017ce powsta\u0107 materia\u0142 fotograficzny, na potrzeby archiwalne.<\/p><p>W przypadku pyta\u0144 pozostajemy do dyspozycji.<\/p><p><strong>Organizatorzy ATP 2026<\/strong><\/p>\t\t\t\t\t\t\t\t<\/div>\n\t\t\t\t<\/div>\n\t\t\t\t\t<\/div>\n\t\t\t\t<\/div>\n\t\t<div class=\"elementor-element elementor-element-c9372ec e-flex e-con-boxed e-con e-parent\" data-id=\"c9372ec\" data-element_type=\"container\" data-e-type=\"container\">\n\t\t\t\t\t<div class=\"e-con-inner\">\n\t\t\t\t\t<\/div>\n\t\t\t\t<\/div>\n\t\t\t\t<\/div>\n\t\t","protected":false},"excerpt":{"rendered":"<p>W ramach tegorocznej edycji Akademickich Targ\u00f3w Pracy zapraszamy wszystkich zainteresowanych do udzia\u0142u w bezp\u0142atnych szkoleniach prowadzonych przez naszych wystawc\u00f3w! Miejsce szkole\u0144:\u00a0Hala Expo-\u0141\u00f3d\u017a, al. Politechniki 4, I pi\u0119tro, sale konferencyjne. Symbole sal szkoleniowych znajduj\u0105 si\u0119 w opisach poszczeg\u00f3lnych szkole\u0144. Pe\u0142na lista szkole\u0144: ABB Sp.z o.o. &#8222;Zr\u00f3wnowa\u017cone zarz\u0105dzanie cyklem \u017cycia produktu&#8221; Barry Callebaut &#8222;Odkryj mo\u017cliwo\u015bci LinkedIn!&#8221; ElSerwis &#8222;Transformacja energetyczna w praktyce in\u017cynierskiej [&hellip;]<\/p>\n","protected":false},"author":1,"featured_media":0,"parent":0,"menu_order":0,"comment_status":"closed","ping_status":"closed","template":"","meta":{"_EventAllDay":false,"_EventTimezone":"","_EventStartDate":"","_EventEndDate":"","_EventStartDateUTC":"","_EventEndDateUTC":"","_EventShowMap":false,"_EventShowMapLink":false,"_EventURL":"","_EventCost":"","_EventCostDescription":"","_EventCurrencySymbol":"","_EventCurrencyCode":"","_EventCurrencyPosition":"","_EventDateTimeSeparator":"","_EventTimeRangeSeparator":"","_EventOrganizerID":[],"_EventVenueID":[],"_OrganizerEmail":"","_OrganizerPhone":"","_OrganizerWebsite":"","_VenueAddress":"","_VenueCity":"","_VenueCountry":"","_VenueProvince":"","_VenueState":"","_VenueZip":"","_VenuePhone":"","_VenueURL":"","_VenueStateProvince":"","_VenueLat":"","_VenueLng":"","_VenueShowMap":false,"_VenueShowMapLink":false,"footnotes":""},"class_list":["post-1127","page","type-page","status-publish","hentry"],"yoast_head":"<!-- This site is optimized with the Yoast SEO plugin v22.4 - https:\/\/yoast.com\/wordpress\/plugins\/seo\/ -->\n<title>Szkolenia - Akademickie Targi Pracy<\/title>\n<meta name=\"robots\" content=\"index, follow, max-snippet:-1, max-image-preview:large, max-video-preview:-1\" \/>\n<link rel=\"canonical\" href=\"https:\/\/atp.lodz.pl\/en\/szkolenia\/\" \/>\n<meta property=\"og:locale\" content=\"en_GB\" \/>\n<meta property=\"og:type\" content=\"article\" \/>\n<meta property=\"og:title\" content=\"Szkolenia - Akademickie Targi Pracy\" \/>\n<meta property=\"og:description\" content=\"W ramach tegorocznej edycji Akademickich Targ\u00f3w Pracy zapraszamy wszystkich zainteresowanych do udzia\u0142u w bezp\u0142atnych szkoleniach prowadzonych przez naszych wystawc\u00f3w! Miejsce szkole\u0144:\u00a0Hala Expo-\u0141\u00f3d\u017a, al. Politechniki 4, I pi\u0119tro, sale konferencyjne. Symbole sal szkoleniowych znajduj\u0105 si\u0119 w opisach poszczeg\u00f3lnych szkole\u0144. Pe\u0142na lista szkole\u0144: ABB Sp.z o.o. &#8222;Zr\u00f3wnowa\u017cone zarz\u0105dzanie cyklem \u017cycia produktu&#8221; Barry Callebaut &#8222;Odkryj mo\u017cliwo\u015bci LinkedIn!&#8221; ElSerwis &#8222;Transformacja energetyczna w praktyce in\u017cynierskiej [&hellip;]\" \/>\n<meta property=\"og:url\" content=\"https:\/\/atp.lodz.pl\/en\/szkolenia\/\" \/>\n<meta property=\"og:site_name\" content=\"Akademickie Targi Pracy\" \/>\n<meta property=\"article:modified_time\" content=\"2026-03-13T16:43:55+00:00\" \/>\n<meta name=\"twitter:card\" content=\"summary_large_image\" \/>\n<meta name=\"twitter:label1\" content=\"Estimated reading time\" \/>\n\t<meta name=\"twitter:data1\" content=\"3 minutes\" \/>\n<script type=\"application\/ld+json\" class=\"yoast-schema-graph\">{\"@context\":\"https:\/\/schema.org\",\"@graph\":[{\"@type\":\"WebPage\",\"@id\":\"https:\/\/atp.lodz.pl\/szkolenia\/\",\"url\":\"https:\/\/atp.lodz.pl\/szkolenia\/\",\"name\":\"Szkolenia - Akademickie Targi Pracy\",\"isPartOf\":{\"@id\":\"https:\/\/atp.lodz.pl\/#website\"},\"datePublished\":\"2024-04-08T11:29:30+00:00\",\"dateModified\":\"2026-03-13T16:43:55+00:00\",\"breadcrumb\":{\"@id\":\"https:\/\/atp.lodz.pl\/szkolenia\/#breadcrumb\"},\"inLanguage\":\"en-GB\",\"potentialAction\":[{\"@type\":\"ReadAction\",\"target\":[\"https:\/\/atp.lodz.pl\/szkolenia\/\"]}]},{\"@type\":\"BreadcrumbList\",\"@id\":\"https:\/\/atp.lodz.pl\/szkolenia\/#breadcrumb\",\"itemListElement\":[{\"@type\":\"ListItem\",\"position\":1,\"name\":\"Strona g\u0142\u00f3wna\",\"item\":\"https:\/\/atp.lodz.pl\/\"},{\"@type\":\"ListItem\",\"position\":2,\"name\":\"Szkolenia\"}]},{\"@type\":\"WebSite\",\"@id\":\"https:\/\/atp.lodz.pl\/#website\",\"url\":\"https:\/\/atp.lodz.pl\/\",\"name\":\"Akademickie Targi Pracy\",\"description\":\"\",\"publisher\":{\"@id\":\"https:\/\/atp.lodz.pl\/#organization\"},\"alternateName\":\"ATP\",\"potentialAction\":[{\"@type\":\"SearchAction\",\"target\":{\"@type\":\"EntryPoint\",\"urlTemplate\":\"https:\/\/atp.lodz.pl\/?s={search_term_string}\"},\"query-input\":\"required name=search_term_string\"}],\"inLanguage\":\"en-GB\"},{\"@type\":\"Organization\",\"@id\":\"https:\/\/atp.lodz.pl\/#organization\",\"name\":\"ATP\",\"url\":\"https:\/\/atp.lodz.pl\/\",\"logo\":{\"@type\":\"ImageObject\",\"inLanguage\":\"en-GB\",\"@id\":\"https:\/\/atp.lodz.pl\/#\/schema\/logo\/image\/\",\"url\":\"https:\/\/atp.lodz.pl\/wp-content\/uploads\/2023\/10\/Logo_ATP_4.png\",\"contentUrl\":\"https:\/\/atp.lodz.pl\/wp-content\/uploads\/2023\/10\/Logo_ATP_4.png\",\"width\":1772,\"height\":591,\"caption\":\"ATP\"},\"image\":{\"@id\":\"https:\/\/atp.lodz.pl\/#\/schema\/logo\/image\/\"}}]}<\/script>\n<!-- \/ Yoast SEO plugin. -->","yoast_head_json":{"title":"Szkolenia - Akademickie Targi Pracy","robots":{"index":"index","follow":"follow","max-snippet":"max-snippet:-1","max-image-preview":"max-image-preview:large","max-video-preview":"max-video-preview:-1"},"canonical":"https:\/\/atp.lodz.pl\/en\/szkolenia\/","og_locale":"en_GB","og_type":"article","og_title":"Szkolenia - Akademickie Targi Pracy","og_description":"W ramach tegorocznej edycji Akademickich Targ\u00f3w Pracy zapraszamy wszystkich zainteresowanych do udzia\u0142u w bezp\u0142atnych szkoleniach prowadzonych przez naszych wystawc\u00f3w! Miejsce szkole\u0144:\u00a0Hala Expo-\u0141\u00f3d\u017a, al. Politechniki 4, I pi\u0119tro, sale konferencyjne. Symbole sal szkoleniowych znajduj\u0105 si\u0119 w opisach poszczeg\u00f3lnych szkole\u0144. Pe\u0142na lista szkole\u0144: ABB Sp.z o.o. &#8222;Zr\u00f3wnowa\u017cone zarz\u0105dzanie cyklem \u017cycia produktu&#8221; Barry Callebaut &#8222;Odkryj mo\u017cliwo\u015bci LinkedIn!&#8221; ElSerwis &#8222;Transformacja energetyczna w praktyce in\u017cynierskiej [&hellip;]","og_url":"https:\/\/atp.lodz.pl\/en\/szkolenia\/","og_site_name":"Akademickie Targi Pracy","article_modified_time":"2026-03-13T16:43:55+00:00","twitter_card":"summary_large_image","twitter_misc":{"Estimated reading time":"3 minutes"},"schema":{"@context":"https:\/\/schema.org","@graph":[{"@type":"WebPage","@id":"https:\/\/atp.lodz.pl\/szkolenia\/","url":"https:\/\/atp.lodz.pl\/szkolenia\/","name":"Szkolenia - Akademickie Targi Pracy","isPartOf":{"@id":"https:\/\/atp.lodz.pl\/#website"},"datePublished":"2024-04-08T11:29:30+00:00","dateModified":"2026-03-13T16:43:55+00:00","breadcrumb":{"@id":"https:\/\/atp.lodz.pl\/szkolenia\/#breadcrumb"},"inLanguage":"en-GB","potentialAction":[{"@type":"ReadAction","target":["https:\/\/atp.lodz.pl\/szkolenia\/"]}]},{"@type":"BreadcrumbList","@id":"https:\/\/atp.lodz.pl\/szkolenia\/#breadcrumb","itemListElement":[{"@type":"ListItem","position":1,"name":"Strona g\u0142\u00f3wna","item":"https:\/\/atp.lodz.pl\/"},{"@type":"ListItem","position":2,"name":"Szkolenia"}]},{"@type":"WebSite","@id":"https:\/\/atp.lodz.pl\/#website","url":"https:\/\/atp.lodz.pl\/","name":"Akademickie Targi Pracy","description":"","publisher":{"@id":"https:\/\/atp.lodz.pl\/#organization"},"alternateName":"ATP","potentialAction":[{"@type":"SearchAction","target":{"@type":"EntryPoint","urlTemplate":"https:\/\/atp.lodz.pl\/?s={search_term_string}"},"query-input":"required name=search_term_string"}],"inLanguage":"en-GB"},{"@type":"Organization","@id":"https:\/\/atp.lodz.pl\/#organization","name":"ATP","url":"https:\/\/atp.lodz.pl\/","logo":{"@type":"ImageObject","inLanguage":"en-GB","@id":"https:\/\/atp.lodz.pl\/#\/schema\/logo\/image\/","url":"https:\/\/atp.lodz.pl\/wp-content\/uploads\/2023\/10\/Logo_ATP_4.png","contentUrl":"https:\/\/atp.lodz.pl\/wp-content\/uploads\/2023\/10\/Logo_ATP_4.png","width":1772,"height":591,"caption":"ATP"},"image":{"@id":"https:\/\/atp.lodz.pl\/#\/schema\/logo\/image\/"}}]}},"_links":{"self":[{"href":"https:\/\/atp.lodz.pl\/en\/wp-json\/wp\/v2\/pages\/1127","targetHints":{"allow":["GET"]}}],"collection":[{"href":"https:\/\/atp.lodz.pl\/en\/wp-json\/wp\/v2\/pages"}],"about":[{"href":"https:\/\/atp.lodz.pl\/en\/wp-json\/wp\/v2\/types\/page"}],"author":[{"embeddable":true,"href":"https:\/\/atp.lodz.pl\/en\/wp-json\/wp\/v2\/users\/1"}],"replies":[{"embeddable":true,"href":"https:\/\/atp.lodz.pl\/en\/wp-json\/wp\/v2\/comments?post=1127"}],"version-history":[{"count":32,"href":"https:\/\/atp.lodz.pl\/en\/wp-json\/wp\/v2\/pages\/1127\/revisions"}],"predecessor-version":[{"id":3525,"href":"https:\/\/atp.lodz.pl\/en\/wp-json\/wp\/v2\/pages\/1127\/revisions\/3525"}],"wp:attachment":[{"href":"https:\/\/atp.lodz.pl\/en\/wp-json\/wp\/v2\/media?parent=1127"}],"curies":[{"name":"wp","href":"https:\/\/api.w.org\/{rel}","templated":true}]}}