{"id":1122,"date":"2024-04-08T13:28:54","date_gmt":"2024-04-08T11:28:54","guid":{"rendered":"https:\/\/atp.lodz.pl\/?page_id=1122"},"modified":"2026-03-23T15:50:06","modified_gmt":"2026-03-23T14:50:06","slug":"poradnik","status":"publish","type":"page","link":"https:\/\/atp.lodz.pl\/en\/poradnik\/","title":{"rendered":"Poradnik dla odwiedzaj\u0105cych"},"content":{"rendered":"<div data-elementor-type=\"wp-page\" data-elementor-id=\"1122\" class=\"elementor elementor-1122\">\n\t\t\t\t<div class=\"elementor-element elementor-element-a6ef3b3 e-flex e-con-boxed e-con e-parent\" data-id=\"a6ef3b3\" data-element_type=\"container\" data-e-type=\"container\">\n\t\t\t\t\t<div class=\"e-con-inner\">\n\t\t<div class=\"elementor-element elementor-element-4839874 e-con-full e-flex e-con e-child\" data-id=\"4839874\" data-element_type=\"container\" data-e-type=\"container\">\n\t\t\t\t<div class=\"elementor-element elementor-element-9141f22 elementor-widget elementor-widget-text-editor\" data-id=\"9141f22\" data-element_type=\"widget\" data-e-type=\"widget\" data-widget_type=\"text-editor.default\">\n\t\t\t\t<div class=\"elementor-widget-container\">\n\t\t\t\t\t\t\t\t\t<p><strong>Dear Students and Graduates of \u0141\u00f3d\u017a universities!<\/strong><\/p>\n<p><strong>April 16, 2026<\/strong>&nbsp;is a special date for everyone who is looking for career opportunities, wants to develop their career, or gain valuable experience. On that day, the Academic Job Fair will take place at the Expo Hall in \u0141\u00f3d\u017a \u2013 the largest event of its kind in Poland, connecting students and graduates with potential employers.<br>We have prepared this <strong>Guide<\/strong> especially for you! Below you will find tips to help you prepare well for the fair.<\/p>\n<p><strong>We wish you success in finding an internship, traineeship, or job!<\/strong><\/p>\n<p><em>Best regards, and we look forward to seeing you!<\/em><br><em>ATP 2026 Organizers<\/em><\/p>\t\t\t\t\t\t\t\t<\/div>\n\t\t\t\t<\/div>\n\t\t\t\t<\/div>\n\t\t<div class=\"elementor-element elementor-element-83e98f6 e-con-full e-flex e-con e-child\" data-id=\"83e98f6\" data-element_type=\"container\" data-e-type=\"container\">\n\t\t\t\t<div class=\"elementor-element elementor-element-a00b032 elementor-widget elementor-widget-image\" data-id=\"a00b032\" data-element_type=\"widget\" data-e-type=\"widget\" data-widget_type=\"image.default\">\n\t\t\t\t<div class=\"elementor-widget-container\">\n\t\t\t\t\t\t\t\t\t\t\t\t\t\t\t\t<a href=\"https:\/\/tulodz-my.sharepoint.com\/:b:\/g\/personal\/atp_adm_p_lodz_pl\/IQDx_sDVVaoXRoB82C8TE6-WAeGgSCspvh1gbOted8JfF68?e=RFc2UY\">\n\t\t\t\t\t\t\t<img fetchpriority=\"high\" decoding=\"async\" width=\"640\" height=\"905\" src=\"https:\/\/atp.lodz.pl\/wp-content\/uploads\/2026\/03\/1af0a319-6b8e-443c-9fa1-149e891b5aa7.jpg\" class=\"attachment-large size-large wp-image-3540\" alt=\"\" srcset=\"https:\/\/atp.lodz.pl\/wp-content\/uploads\/2026\/03\/1af0a319-6b8e-443c-9fa1-149e891b5aa7.jpg 1238w, https:\/\/atp.lodz.pl\/wp-content\/uploads\/2026\/03\/1af0a319-6b8e-443c-9fa1-149e891b5aa7-212x300.jpg 212w, https:\/\/atp.lodz.pl\/wp-content\/uploads\/2026\/03\/1af0a319-6b8e-443c-9fa1-149e891b5aa7-724x1024.jpg 724w, https:\/\/atp.lodz.pl\/wp-content\/uploads\/2026\/03\/1af0a319-6b8e-443c-9fa1-149e891b5aa7-768x1086.jpg 768w, https:\/\/atp.lodz.pl\/wp-content\/uploads\/2026\/03\/1af0a319-6b8e-443c-9fa1-149e891b5aa7-1086x1536.jpg 1086w, https:\/\/atp.lodz.pl\/wp-content\/uploads\/2026\/03\/1af0a319-6b8e-443c-9fa1-149e891b5aa7-8x12.jpg 8w\" sizes=\"(max-width: 640px) 100vw, 640px\" \/>\t\t\t\t\t\t\t\t<\/a>\n\t\t\t\t\t\t\t\t\t\t\t\t\t\t\t<\/div>\n\t\t\t\t<\/div>\n\t\t\t\t<\/div>\n\t\t\t\t\t<\/div>\n\t\t\t\t<\/div>\n\t\t\t\t<\/div>","protected":false},"excerpt":{"rendered":"<p>Drodzy Studenci i Absolwenci \u0142\u00f3dzkich uczelni! 16 kwietnia 2026&nbsp;to niezwyk\u0142a data dla Wszystkich, kt\u00f3rzy poszukuj\u0105 mo\u017cliwo\u015bci zawodowych, chc\u0105 rozwija\u0107 swoj\u0105 karier\u0119 lub zdoby\u0107 cenne do\u015bwiadczenie. Wtedy to, w hali Expo w \u0141odzi, odb\u0119d\u0105 si\u0119 Akademickie Targi Pracy \u2013 najwi\u0119ksze tego typu wydarzenie w Polsce, \u0142\u0105cz\u0105ce student\u00f3w i absolwent\u00f3w z potencjalnymi pracodawcami.Przygotowali\u015bmy ten Przewodnik specjalnie dla Was! Poni\u017cej znajdziecie wskaz\u00f3wki, kt\u00f3re [&hellip;]<\/p>\n","protected":false},"author":1,"featured_media":0,"parent":0,"menu_order":0,"comment_status":"closed","ping_status":"closed","template":"","meta":{"_EventAllDay":false,"_EventTimezone":"","_EventStartDate":"","_EventEndDate":"","_EventStartDateUTC":"","_EventEndDateUTC":"","_EventShowMap":false,"_EventShowMapLink":false,"_EventURL":"","_EventCost":"","_EventCostDescription":"","_EventCurrencySymbol":"","_EventCurrencyCode":"","_EventCurrencyPosition":"","_EventDateTimeSeparator":"","_EventTimeRangeSeparator":"","_EventOrganizerID":[],"_EventVenueID":[],"_OrganizerEmail":"","_OrganizerPhone":"","_OrganizerWebsite":"","_VenueAddress":"","_VenueCity":"","_VenueCountry":"","_VenueProvince":"","_VenueState":"","_VenueZip":"","_VenuePhone":"","_VenueURL":"","_VenueStateProvince":"","_VenueLat":"","_VenueLng":"","_VenueShowMap":false,"_VenueShowMapLink":false,"footnotes":""},"class_list":["post-1122","page","type-page","status-publish","hentry"],"yoast_head":"<!-- This site is optimized with the Yoast SEO plugin v22.4 - https:\/\/yoast.com\/wordpress\/plugins\/seo\/ -->\n<title>Poradnik dla odwiedzaj\u0105cych - Akademickie Targi Pracy<\/title>\n<meta name=\"robots\" content=\"index, follow, max-snippet:-1, max-image-preview:large, max-video-preview:-1\" \/>\n<link rel=\"canonical\" href=\"https:\/\/atp.lodz.pl\/en\/poradnik\/\" \/>\n<meta property=\"og:locale\" content=\"en_GB\" \/>\n<meta property=\"og:type\" content=\"article\" \/>\n<meta property=\"og:title\" content=\"Poradnik dla odwiedzaj\u0105cych - Akademickie Targi Pracy\" \/>\n<meta property=\"og:description\" content=\"Drodzy Studenci i Absolwenci \u0142\u00f3dzkich uczelni! 16 kwietnia 2026&nbsp;to niezwyk\u0142a data dla Wszystkich, kt\u00f3rzy poszukuj\u0105 mo\u017cliwo\u015bci zawodowych, chc\u0105 rozwija\u0107 swoj\u0105 karier\u0119 lub zdoby\u0107 cenne do\u015bwiadczenie. Wtedy to, w hali Expo w \u0141odzi, odb\u0119d\u0105 si\u0119 Akademickie Targi Pracy \u2013 najwi\u0119ksze tego typu wydarzenie w Polsce, \u0142\u0105cz\u0105ce student\u00f3w i absolwent\u00f3w z potencjalnymi pracodawcami.Przygotowali\u015bmy ten Przewodnik specjalnie dla Was! Poni\u017cej znajdziecie wskaz\u00f3wki, kt\u00f3re [&hellip;]\" \/>\n<meta property=\"og:url\" content=\"https:\/\/atp.lodz.pl\/en\/poradnik\/\" \/>\n<meta property=\"og:site_name\" content=\"Akademickie Targi Pracy\" \/>\n<meta property=\"article:modified_time\" content=\"2026-03-23T14:50:06+00:00\" \/>\n<meta property=\"og:image\" content=\"https:\/\/atp.lodz.pl\/wp-content\/uploads\/2026\/03\/Przewodnik-724x1024.jpg\" \/>\n<meta name=\"twitter:card\" content=\"summary_large_image\" \/>\n<meta name=\"twitter:label1\" content=\"Estimated reading time\" \/>\n\t<meta name=\"twitter:data1\" content=\"1 minute\" \/>\n<script type=\"application\/ld+json\" class=\"yoast-schema-graph\">{\"@context\":\"https:\/\/schema.org\",\"@graph\":[{\"@type\":\"WebPage\",\"@id\":\"https:\/\/atp.lodz.pl\/poradnik\/\",\"url\":\"https:\/\/atp.lodz.pl\/poradnik\/\",\"name\":\"Poradnik dla odwiedzaj\u0105cych - Akademickie Targi Pracy\",\"isPartOf\":{\"@id\":\"https:\/\/atp.lodz.pl\/#website\"},\"primaryImageOfPage\":{\"@id\":\"https:\/\/atp.lodz.pl\/poradnik\/#primaryimage\"},\"image\":{\"@id\":\"https:\/\/atp.lodz.pl\/poradnik\/#primaryimage\"},\"thumbnailUrl\":\"https:\/\/atp.lodz.pl\/wp-content\/uploads\/2026\/03\/Przewodnik-724x1024.jpg\",\"datePublished\":\"2024-04-08T11:28:54+00:00\",\"dateModified\":\"2026-03-23T14:50:06+00:00\",\"breadcrumb\":{\"@id\":\"https:\/\/atp.lodz.pl\/poradnik\/#breadcrumb\"},\"inLanguage\":\"en-GB\",\"potentialAction\":[{\"@type\":\"ReadAction\",\"target\":[\"https:\/\/atp.lodz.pl\/poradnik\/\"]}]},{\"@type\":\"ImageObject\",\"inLanguage\":\"en-GB\",\"@id\":\"https:\/\/atp.lodz.pl\/poradnik\/#primaryimage\",\"url\":\"https:\/\/atp.lodz.pl\/wp-content\/uploads\/2026\/03\/Przewodnik-724x1024.jpg\",\"contentUrl\":\"https:\/\/atp.lodz.pl\/wp-content\/uploads\/2026\/03\/Przewodnik-724x1024.jpg\"},{\"@type\":\"BreadcrumbList\",\"@id\":\"https:\/\/atp.lodz.pl\/poradnik\/#breadcrumb\",\"itemListElement\":[{\"@type\":\"ListItem\",\"position\":1,\"name\":\"Strona g\u0142\u00f3wna\",\"item\":\"https:\/\/atp.lodz.pl\/\"},{\"@type\":\"ListItem\",\"position\":2,\"name\":\"Poradnik dla odwiedzaj\u0105cych\"}]},{\"@type\":\"WebSite\",\"@id\":\"https:\/\/atp.lodz.pl\/#website\",\"url\":\"https:\/\/atp.lodz.pl\/\",\"name\":\"Akademickie Targi Pracy\",\"description\":\"\",\"publisher\":{\"@id\":\"https:\/\/atp.lodz.pl\/#organization\"},\"alternateName\":\"ATP\",\"potentialAction\":[{\"@type\":\"SearchAction\",\"target\":{\"@type\":\"EntryPoint\",\"urlTemplate\":\"https:\/\/atp.lodz.pl\/?s={search_term_string}\"},\"query-input\":\"required name=search_term_string\"}],\"inLanguage\":\"en-GB\"},{\"@type\":\"Organization\",\"@id\":\"https:\/\/atp.lodz.pl\/#organization\",\"name\":\"ATP\",\"url\":\"https:\/\/atp.lodz.pl\/\",\"logo\":{\"@type\":\"ImageObject\",\"inLanguage\":\"en-GB\",\"@id\":\"https:\/\/atp.lodz.pl\/#\/schema\/logo\/image\/\",\"url\":\"https:\/\/atp.lodz.pl\/wp-content\/uploads\/2023\/10\/Logo_ATP_4.png\",\"contentUrl\":\"https:\/\/atp.lodz.pl\/wp-content\/uploads\/2023\/10\/Logo_ATP_4.png\",\"width\":1772,\"height\":591,\"caption\":\"ATP\"},\"image\":{\"@id\":\"https:\/\/atp.lodz.pl\/#\/schema\/logo\/image\/\"}}]}<\/script>\n<!-- \/ Yoast SEO plugin. -->","yoast_head_json":{"title":"Poradnik dla odwiedzaj\u0105cych - Akademickie Targi Pracy","robots":{"index":"index","follow":"follow","max-snippet":"max-snippet:-1","max-image-preview":"max-image-preview:large","max-video-preview":"max-video-preview:-1"},"canonical":"https:\/\/atp.lodz.pl\/en\/poradnik\/","og_locale":"en_GB","og_type":"article","og_title":"Poradnik dla odwiedzaj\u0105cych - Akademickie Targi Pracy","og_description":"Drodzy Studenci i Absolwenci \u0142\u00f3dzkich uczelni! 16 kwietnia 2026&nbsp;to niezwyk\u0142a data dla Wszystkich, kt\u00f3rzy poszukuj\u0105 mo\u017cliwo\u015bci zawodowych, chc\u0105 rozwija\u0107 swoj\u0105 karier\u0119 lub zdoby\u0107 cenne do\u015bwiadczenie. Wtedy to, w hali Expo w \u0141odzi, odb\u0119d\u0105 si\u0119 Akademickie Targi Pracy \u2013 najwi\u0119ksze tego typu wydarzenie w Polsce, \u0142\u0105cz\u0105ce student\u00f3w i absolwent\u00f3w z potencjalnymi pracodawcami.Przygotowali\u015bmy ten Przewodnik specjalnie dla Was! Poni\u017cej znajdziecie wskaz\u00f3wki, kt\u00f3re [&hellip;]","og_url":"https:\/\/atp.lodz.pl\/en\/poradnik\/","og_site_name":"Akademickie Targi Pracy","article_modified_time":"2026-03-23T14:50:06+00:00","og_image":[{"url":"https:\/\/atp.lodz.pl\/wp-content\/uploads\/2026\/03\/Przewodnik-724x1024.jpg"}],"twitter_card":"summary_large_image","twitter_misc":{"Estimated reading time":"1 minute"},"schema":{"@context":"https:\/\/schema.org","@graph":[{"@type":"WebPage","@id":"https:\/\/atp.lodz.pl\/poradnik\/","url":"https:\/\/atp.lodz.pl\/poradnik\/","name":"Poradnik dla odwiedzaj\u0105cych - Akademickie Targi Pracy","isPartOf":{"@id":"https:\/\/atp.lodz.pl\/#website"},"primaryImageOfPage":{"@id":"https:\/\/atp.lodz.pl\/poradnik\/#primaryimage"},"image":{"@id":"https:\/\/atp.lodz.pl\/poradnik\/#primaryimage"},"thumbnailUrl":"https:\/\/atp.lodz.pl\/wp-content\/uploads\/2026\/03\/Przewodnik-724x1024.jpg","datePublished":"2024-04-08T11:28:54+00:00","dateModified":"2026-03-23T14:50:06+00:00","breadcrumb":{"@id":"https:\/\/atp.lodz.pl\/poradnik\/#breadcrumb"},"inLanguage":"en-GB","potentialAction":[{"@type":"ReadAction","target":["https:\/\/atp.lodz.pl\/poradnik\/"]}]},{"@type":"ImageObject","inLanguage":"en-GB","@id":"https:\/\/atp.lodz.pl\/poradnik\/#primaryimage","url":"https:\/\/atp.lodz.pl\/wp-content\/uploads\/2026\/03\/Przewodnik-724x1024.jpg","contentUrl":"https:\/\/atp.lodz.pl\/wp-content\/uploads\/2026\/03\/Przewodnik-724x1024.jpg"},{"@type":"BreadcrumbList","@id":"https:\/\/atp.lodz.pl\/poradnik\/#breadcrumb","itemListElement":[{"@type":"ListItem","position":1,"name":"Strona g\u0142\u00f3wna","item":"https:\/\/atp.lodz.pl\/"},{"@type":"ListItem","position":2,"name":"Poradnik dla odwiedzaj\u0105cych"}]},{"@type":"WebSite","@id":"https:\/\/atp.lodz.pl\/#website","url":"https:\/\/atp.lodz.pl\/","name":"Akademickie Targi Pracy","description":"","publisher":{"@id":"https:\/\/atp.lodz.pl\/#organization"},"alternateName":"ATP","potentialAction":[{"@type":"SearchAction","target":{"@type":"EntryPoint","urlTemplate":"https:\/\/atp.lodz.pl\/?s={search_term_string}"},"query-input":"required name=search_term_string"}],"inLanguage":"en-GB"},{"@type":"Organization","@id":"https:\/\/atp.lodz.pl\/#organization","name":"ATP","url":"https:\/\/atp.lodz.pl\/","logo":{"@type":"ImageObject","inLanguage":"en-GB","@id":"https:\/\/atp.lodz.pl\/#\/schema\/logo\/image\/","url":"https:\/\/atp.lodz.pl\/wp-content\/uploads\/2023\/10\/Logo_ATP_4.png","contentUrl":"https:\/\/atp.lodz.pl\/wp-content\/uploads\/2023\/10\/Logo_ATP_4.png","width":1772,"height":591,"caption":"ATP"},"image":{"@id":"https:\/\/atp.lodz.pl\/#\/schema\/logo\/image\/"}}]}},"_links":{"self":[{"href":"https:\/\/atp.lodz.pl\/en\/wp-json\/wp\/v2\/pages\/1122","targetHints":{"allow":["GET"]}}],"collection":[{"href":"https:\/\/atp.lodz.pl\/en\/wp-json\/wp\/v2\/pages"}],"about":[{"href":"https:\/\/atp.lodz.pl\/en\/wp-json\/wp\/v2\/types\/page"}],"author":[{"embeddable":true,"href":"https:\/\/atp.lodz.pl\/en\/wp-json\/wp\/v2\/users\/1"}],"replies":[{"embeddable":true,"href":"https:\/\/atp.lodz.pl\/en\/wp-json\/wp\/v2\/comments?post=1122"}],"version-history":[{"count":19,"href":"https:\/\/atp.lodz.pl\/en\/wp-json\/wp\/v2\/pages\/1122\/revisions"}],"predecessor-version":[{"id":3543,"href":"https:\/\/atp.lodz.pl\/en\/wp-json\/wp\/v2\/pages\/1122\/revisions\/3543"}],"wp:attachment":[{"href":"https:\/\/atp.lodz.pl\/en\/wp-json\/wp\/v2\/media?parent=1122"}],"curies":[{"name":"wp","href":"https:\/\/api.w.org\/{rel}","templated":true}]}}