{"id":1117,"date":"2024-04-08T13:27:24","date_gmt":"2024-04-08T11:27:24","guid":{"rendered":"https:\/\/atp.lodz.pl\/?page_id=1117"},"modified":"2024-04-10T12:01:09","modified_gmt":"2024-04-10T10:01:09","slug":"wizualizacja","status":"publish","type":"page","link":"https:\/\/atp.lodz.pl\/en\/wizualizacja\/","title":{"rendered":"Visualisation of the stand"},"content":{"rendered":"<div data-elementor-type=\"wp-page\" data-elementor-id=\"1117\" class=\"elementor elementor-1117\">\n\t\t\t\t<div class=\"elementor-element elementor-element-3ac6e493 e-flex e-con-boxed e-con e-parent\" data-id=\"3ac6e493\" data-element_type=\"container\" data-e-type=\"container\">\n\t\t\t\t\t<div class=\"e-con-inner\">\n\t\t\t\t<div class=\"elementor-element elementor-element-2ebf7da7 elementor-widget elementor-widget-text-editor\" data-id=\"2ebf7da7\" data-element_type=\"widget\" data-e-type=\"widget\" data-widget_type=\"text-editor.default\">\n\t\t\t\t<div class=\"elementor-widget-container\">\n\t\t\t\t\t\t\t\t\t<p>Market stalls are modular structures, as shown in the visualisation on the right.<\/p>\n<p>There is a possibility<strong> to purchase additional space (m2)<\/strong> during registration for an event. Additional stand space purchase terms are specified in the ATP regulations.<\/p>\n<p>When <strong>\u201ccustom booth\u201d is selected<\/strong>, the Exhibitor cooperates with the Organisers the look of the booth. <br \/>The booth with custom design can\u2019t be bigger than purchased fair space.<\/p>\n<p><strong>Entablature<\/strong> is a permanent element of the stand and there is no possibility to change the look (font, color). <br \/>During registration Exhibitor can opt out from it, by selecting a \u201ccheck box\u201d in the registration form.<\/p>\n<p><strong>Standard equipment elements and additional possibilities for expansion of the booth,<\/strong> are in the fair offer.<\/p>\t\t\t\t\t\t\t\t<\/div>\n\t\t\t\t<\/div>\n\t\t\t\t\t<\/div>\n\t\t\t\t<\/div>\n\t\t<div class=\"elementor-element elementor-element-0a181ca e-flex e-con-boxed e-con e-parent\" data-id=\"0a181ca\" data-element_type=\"container\" data-e-type=\"container\">\n\t\t\t\t\t<div class=\"e-con-inner\">\n\t\t\t\t<div class=\"elementor-element elementor-element-d2cf7e4 elementor-widget elementor-widget-heading\" data-id=\"d2cf7e4\" data-element_type=\"widget\" data-e-type=\"widget\" data-widget_type=\"heading.default\">\n\t\t\t\t<div class=\"elementor-widget-container\">\n\t\t\t\t\t<h2 class=\"elementor-heading-title elementor-size-default\">Visualisation of the stand<\/h2>\t\t\t\t<\/div>\n\t\t\t\t<\/div>\n\t\t\t\t\t<\/div>\n\t\t\t\t<\/div>\n\t\t<div class=\"elementor-element elementor-element-a13fbde e-con-full e-flex e-con e-parent\" data-id=\"a13fbde\" data-element_type=\"container\" data-e-type=\"container\">\n\t\t<div class=\"elementor-element elementor-element-a77c2d4 e-con-full e-flex e-con e-child\" data-id=\"a77c2d4\" data-element_type=\"container\" data-e-type=\"container\">\n\t\t\t\t<div class=\"elementor-element elementor-element-69d3763 elementor-widget elementor-widget-heading\" data-id=\"69d3763\" data-element_type=\"widget\" data-e-type=\"widget\" data-widget_type=\"heading.default\">\n\t\t\t\t<div class=\"elementor-widget-container\">\n\t\t\t\t\t<h2 class=\"elementor-heading-title elementor-size-default\">STOISKO 4M2<\/h2>\t\t\t\t<\/div>\n\t\t\t\t<\/div>\n\t\t\t\t<\/div>\n\t\t<div class=\"elementor-element elementor-element-02ff678 e-con-full e-flex e-con e-child\" data-id=\"02ff678\" data-element_type=\"container\" data-e-type=\"container\">\n\t\t\t\t<div class=\"elementor-element elementor-element-900b8a5 elementor-widget elementor-widget-heading\" data-id=\"900b8a5\" data-element_type=\"widget\" data-e-type=\"widget\" data-widget_type=\"heading.default\">\n\t\t\t\t<div class=\"elementor-widget-container\">\n\t\t\t\t\t<h2 class=\"elementor-heading-title elementor-size-default\">STOISKO 6M2<\/h2>\t\t\t\t<\/div>\n\t\t\t\t<\/div>\n\t\t\t\t<\/div>\n\t\t<div class=\"elementor-element elementor-element-adb597c e-con-full e-flex e-con e-child\" data-id=\"adb597c\" data-element_type=\"container\" data-e-type=\"container\">\n\t\t\t\t<div class=\"elementor-element elementor-element-d36b04f elementor-widget__width-initial elementor-widget elementor-widget-heading\" data-id=\"d36b04f\" data-element_type=\"widget\" data-e-type=\"widget\" data-widget_type=\"heading.default\">\n\t\t\t\t<div class=\"elementor-widget-container\">\n\t\t\t\t\t<h2 class=\"elementor-heading-title elementor-size-default\">STOISKO 8M2<\/h2>\t\t\t\t<\/div>\n\t\t\t\t<\/div>\n\t\t\t\t<\/div>\n\t\t\t\t<\/div>\n\t\t<div class=\"elementor-element elementor-element-bd3c207 e-con-full e-flex e-con e-parent\" data-id=\"bd3c207\" data-element_type=\"container\" data-e-type=\"container\">\n\t\t<div class=\"elementor-element elementor-element-5d40ffa e-con-full e-flex e-con e-child\" data-id=\"5d40ffa\" data-element_type=\"container\" data-e-type=\"container\">\n\t\t\t\t<div class=\"elementor-element elementor-element-0d92ff8 elementor-widget__width-initial elementor-widget elementor-widget-image\" data-id=\"0d92ff8\" data-element_type=\"widget\" data-e-type=\"widget\" data-widget_type=\"image.default\">\n\t\t\t\t<div class=\"elementor-widget-container\">\n\t\t\t\t\t\t\t\t\t\t\t\t\t\t\t<img fetchpriority=\"high\" decoding=\"async\" width=\"640\" height=\"361\" src=\"https:\/\/atp.lodz.pl\/wp-content\/uploads\/2024\/04\/stoisko4.jpg\" class=\"attachment-large size-large wp-image-2221\" alt=\"\" srcset=\"https:\/\/atp.lodz.pl\/wp-content\/uploads\/2024\/04\/stoisko4.jpg 764w, https:\/\/atp.lodz.pl\/wp-content\/uploads\/2024\/04\/stoisko4-300x169.jpg 300w\" sizes=\"(max-width: 640px) 100vw, 640px\" \/>\t\t\t\t\t\t\t\t\t\t\t\t\t\t\t<\/div>\n\t\t\t\t<\/div>\n\t\t\t\t<\/div>\n\t\t<div class=\"elementor-element elementor-element-5bfc5a0 e-con-full e-flex e-con e-child\" data-id=\"5bfc5a0\" data-element_type=\"container\" data-e-type=\"container\">\n\t\t\t\t<div class=\"elementor-element elementor-element-664ebf4 elementor-widget__width-initial elementor-widget elementor-widget-image\" data-id=\"664ebf4\" data-element_type=\"widget\" data-e-type=\"widget\" data-widget_type=\"image.default\">\n\t\t\t\t<div class=\"elementor-widget-container\">\n\t\t\t\t\t\t\t\t\t\t\t\t\t\t\t<img decoding=\"async\" width=\"640\" height=\"360\" src=\"https:\/\/atp.lodz.pl\/wp-content\/uploads\/2024\/04\/stoisko6.jpg\" class=\"attachment-large size-large wp-image-2231\" alt=\"\" srcset=\"https:\/\/atp.lodz.pl\/wp-content\/uploads\/2024\/04\/stoisko6.jpg 820w, https:\/\/atp.lodz.pl\/wp-content\/uploads\/2024\/04\/stoisko6-300x169.jpg 300w, https:\/\/atp.lodz.pl\/wp-content\/uploads\/2024\/04\/stoisko6-768x432.jpg 768w\" sizes=\"(max-width: 640px) 100vw, 640px\" \/>\t\t\t\t\t\t\t\t\t\t\t\t\t\t\t<\/div>\n\t\t\t\t<\/div>\n\t\t\t\t<\/div>\n\t\t<div class=\"elementor-element elementor-element-d0cbebe e-con-full e-flex e-con e-child\" data-id=\"d0cbebe\" data-element_type=\"container\" data-e-type=\"container\">\n\t\t\t\t<div class=\"elementor-element elementor-element-ec3374e elementor-widget__width-initial elementor-widget elementor-widget-image\" data-id=\"ec3374e\" data-element_type=\"widget\" data-e-type=\"widget\" data-widget_type=\"image.default\">\n\t\t\t\t<div class=\"elementor-widget-container\">\n\t\t\t\t\t\t\t\t\t\t\t\t\t\t\t<img decoding=\"async\" width=\"640\" height=\"360\" src=\"https:\/\/atp.lodz.pl\/wp-content\/uploads\/2024\/04\/stoisko8.jpg\" class=\"attachment-large size-large wp-image-2245\" alt=\"\" srcset=\"https:\/\/atp.lodz.pl\/wp-content\/uploads\/2024\/04\/stoisko8.jpg 766w, https:\/\/atp.lodz.pl\/wp-content\/uploads\/2024\/04\/stoisko8-300x169.jpg 300w\" sizes=\"(max-width: 640px) 100vw, 640px\" \/>\t\t\t\t\t\t\t\t\t\t\t\t\t\t\t<\/div>\n\t\t\t\t<\/div>\n\t\t\t\t<\/div>\n\t\t\t\t<\/div>\n\t\t\t\t<\/div>","protected":false},"excerpt":{"rendered":"<p>Zabudowa targowa jest zabudow\u0105 modu\u0142ow\u0105 zgodn\u0105 z wizualizacj\u0105 przedstawion\u0105 po prawej stronie. Istnieje mo\u017cliwo\u015b\u0107 dokupienia dodatkowej powierzchni (m2) w momencie zg\u0142oszenia na wydarzenie. Warunki dokupienia dodatkowej przestrzeni stoiska okre\u015bla regulamin ATP. W przypadku wybrania opcji w\u0142asnej zabudowy, Wystawca ustala indywidualnie z Organizatorem wygl\u0105d stoiska. Stoisko z w\u0142asn\u0105 zabudow\u0105 nie mo\u017ce by\u0107 wi\u0119ksze ni\u017c wykupiona przestrze\u0144 targowa. Fryz jest elementem sta\u0142ym [&hellip;]<\/p>\n","protected":false},"author":1,"featured_media":0,"parent":0,"menu_order":0,"comment_status":"closed","ping_status":"closed","template":"","meta":{"_EventAllDay":false,"_EventTimezone":"","_EventStartDate":"","_EventEndDate":"","_EventStartDateUTC":"","_EventEndDateUTC":"","_EventShowMap":false,"_EventShowMapLink":false,"_EventURL":"","_EventCost":"","_EventCostDescription":"","_EventCurrencySymbol":"","_EventCurrencyCode":"","_EventCurrencyPosition":"","_EventDateTimeSeparator":"","_EventTimeRangeSeparator":"","_EventOrganizerID":[],"_EventVenueID":[],"_OrganizerEmail":"","_OrganizerPhone":"","_OrganizerWebsite":"","_VenueAddress":"","_VenueCity":"","_VenueCountry":"","_VenueProvince":"","_VenueState":"","_VenueZip":"","_VenuePhone":"","_VenueURL":"","_VenueStateProvince":"","_VenueLat":"","_VenueLng":"","_VenueShowMap":false,"_VenueShowMapLink":false,"footnotes":""},"class_list":["post-1117","page","type-page","status-publish","hentry"],"yoast_head":"<!-- This site is optimized with the Yoast SEO plugin v22.4 - https:\/\/yoast.com\/wordpress\/plugins\/seo\/ -->\n<title>Wizualizacja stoiska - Akademickie Targi Pracy<\/title>\n<meta name=\"robots\" content=\"index, follow, max-snippet:-1, max-image-preview:large, max-video-preview:-1\" \/>\n<link rel=\"canonical\" href=\"https:\/\/atp.lodz.pl\/en\/wizualizacja\/\" \/>\n<meta property=\"og:locale\" content=\"en_GB\" \/>\n<meta property=\"og:type\" content=\"article\" \/>\n<meta property=\"og:title\" content=\"Wizualizacja stoiska - Akademickie Targi Pracy\" \/>\n<meta property=\"og:description\" content=\"Zabudowa targowa jest zabudow\u0105 modu\u0142ow\u0105 zgodn\u0105 z wizualizacj\u0105 przedstawion\u0105 po prawej stronie. Istnieje mo\u017cliwo\u015b\u0107 dokupienia dodatkowej powierzchni (m2) w momencie zg\u0142oszenia na wydarzenie. Warunki dokupienia dodatkowej przestrzeni stoiska okre\u015bla regulamin ATP. W przypadku wybrania opcji w\u0142asnej zabudowy, Wystawca ustala indywidualnie z Organizatorem wygl\u0105d stoiska. Stoisko z w\u0142asn\u0105 zabudow\u0105 nie mo\u017ce by\u0107 wi\u0119ksze ni\u017c wykupiona przestrze\u0144 targowa. Fryz jest elementem sta\u0142ym [&hellip;]\" \/>\n<meta property=\"og:url\" content=\"https:\/\/atp.lodz.pl\/en\/wizualizacja\/\" \/>\n<meta property=\"og:site_name\" content=\"Akademickie Targi Pracy\" \/>\n<meta property=\"article:modified_time\" content=\"2024-04-10T10:01:09+00:00\" \/>\n<meta property=\"og:image\" content=\"https:\/\/atp.lodz.pl\/wp-content\/uploads\/2024\/04\/stoisko4.jpg\" \/>\n<meta name=\"twitter:card\" content=\"summary_large_image\" \/>\n<meta name=\"twitter:label1\" content=\"Estimated reading time\" \/>\n\t<meta name=\"twitter:data1\" content=\"1 minute\" \/>\n<script type=\"application\/ld+json\" class=\"yoast-schema-graph\">{\"@context\":\"https:\/\/schema.org\",\"@graph\":[{\"@type\":\"WebPage\",\"@id\":\"https:\/\/atp.lodz.pl\/wizualizacja\/\",\"url\":\"https:\/\/atp.lodz.pl\/wizualizacja\/\",\"name\":\"Wizualizacja stoiska - Akademickie Targi Pracy\",\"isPartOf\":{\"@id\":\"https:\/\/atp.lodz.pl\/#website\"},\"primaryImageOfPage\":{\"@id\":\"https:\/\/atp.lodz.pl\/wizualizacja\/#primaryimage\"},\"image\":{\"@id\":\"https:\/\/atp.lodz.pl\/wizualizacja\/#primaryimage\"},\"thumbnailUrl\":\"https:\/\/atp.lodz.pl\/wp-content\/uploads\/2024\/04\/stoisko4.jpg\",\"datePublished\":\"2024-04-08T11:27:24+00:00\",\"dateModified\":\"2024-04-10T10:01:09+00:00\",\"breadcrumb\":{\"@id\":\"https:\/\/atp.lodz.pl\/wizualizacja\/#breadcrumb\"},\"inLanguage\":\"en-GB\",\"potentialAction\":[{\"@type\":\"ReadAction\",\"target\":[\"https:\/\/atp.lodz.pl\/wizualizacja\/\"]}]},{\"@type\":\"ImageObject\",\"inLanguage\":\"en-GB\",\"@id\":\"https:\/\/atp.lodz.pl\/wizualizacja\/#primaryimage\",\"url\":\"https:\/\/atp.lodz.pl\/wp-content\/uploads\/2024\/04\/stoisko4.jpg\",\"contentUrl\":\"https:\/\/atp.lodz.pl\/wp-content\/uploads\/2024\/04\/stoisko4.jpg\"},{\"@type\":\"BreadcrumbList\",\"@id\":\"https:\/\/atp.lodz.pl\/wizualizacja\/#breadcrumb\",\"itemListElement\":[{\"@type\":\"ListItem\",\"position\":1,\"name\":\"Strona g\u0142\u00f3wna\",\"item\":\"https:\/\/atp.lodz.pl\/\"},{\"@type\":\"ListItem\",\"position\":2,\"name\":\"Wizualizacja stoiska\"}]},{\"@type\":\"WebSite\",\"@id\":\"https:\/\/atp.lodz.pl\/#website\",\"url\":\"https:\/\/atp.lodz.pl\/\",\"name\":\"Akademickie Targi Pracy\",\"description\":\"\",\"publisher\":{\"@id\":\"https:\/\/atp.lodz.pl\/#organization\"},\"alternateName\":\"ATP\",\"potentialAction\":[{\"@type\":\"SearchAction\",\"target\":{\"@type\":\"EntryPoint\",\"urlTemplate\":\"https:\/\/atp.lodz.pl\/?s={search_term_string}\"},\"query-input\":\"required name=search_term_string\"}],\"inLanguage\":\"en-GB\"},{\"@type\":\"Organization\",\"@id\":\"https:\/\/atp.lodz.pl\/#organization\",\"name\":\"ATP\",\"url\":\"https:\/\/atp.lodz.pl\/\",\"logo\":{\"@type\":\"ImageObject\",\"inLanguage\":\"en-GB\",\"@id\":\"https:\/\/atp.lodz.pl\/#\/schema\/logo\/image\/\",\"url\":\"https:\/\/atp.lodz.pl\/wp-content\/uploads\/2023\/10\/Logo_ATP_4.png\",\"contentUrl\":\"https:\/\/atp.lodz.pl\/wp-content\/uploads\/2023\/10\/Logo_ATP_4.png\",\"width\":1772,\"height\":591,\"caption\":\"ATP\"},\"image\":{\"@id\":\"https:\/\/atp.lodz.pl\/#\/schema\/logo\/image\/\"}}]}<\/script>\n<!-- \/ Yoast SEO plugin. -->","yoast_head_json":{"title":"Wizualizacja stoiska - Akademickie Targi Pracy","robots":{"index":"index","follow":"follow","max-snippet":"max-snippet:-1","max-image-preview":"max-image-preview:large","max-video-preview":"max-video-preview:-1"},"canonical":"https:\/\/atp.lodz.pl\/en\/wizualizacja\/","og_locale":"en_GB","og_type":"article","og_title":"Wizualizacja stoiska - Akademickie Targi Pracy","og_description":"Zabudowa targowa jest zabudow\u0105 modu\u0142ow\u0105 zgodn\u0105 z wizualizacj\u0105 przedstawion\u0105 po prawej stronie. Istnieje mo\u017cliwo\u015b\u0107 dokupienia dodatkowej powierzchni (m2) w momencie zg\u0142oszenia na wydarzenie. Warunki dokupienia dodatkowej przestrzeni stoiska okre\u015bla regulamin ATP. W przypadku wybrania opcji w\u0142asnej zabudowy, Wystawca ustala indywidualnie z Organizatorem wygl\u0105d stoiska. Stoisko z w\u0142asn\u0105 zabudow\u0105 nie mo\u017ce by\u0107 wi\u0119ksze ni\u017c wykupiona przestrze\u0144 targowa. Fryz jest elementem sta\u0142ym [&hellip;]","og_url":"https:\/\/atp.lodz.pl\/en\/wizualizacja\/","og_site_name":"Akademickie Targi Pracy","article_modified_time":"2024-04-10T10:01:09+00:00","og_image":[{"url":"https:\/\/atp.lodz.pl\/wp-content\/uploads\/2024\/04\/stoisko4.jpg"}],"twitter_card":"summary_large_image","twitter_misc":{"Estimated reading time":"1 minute"},"schema":{"@context":"https:\/\/schema.org","@graph":[{"@type":"WebPage","@id":"https:\/\/atp.lodz.pl\/wizualizacja\/","url":"https:\/\/atp.lodz.pl\/wizualizacja\/","name":"Wizualizacja stoiska - Akademickie Targi Pracy","isPartOf":{"@id":"https:\/\/atp.lodz.pl\/#website"},"primaryImageOfPage":{"@id":"https:\/\/atp.lodz.pl\/wizualizacja\/#primaryimage"},"image":{"@id":"https:\/\/atp.lodz.pl\/wizualizacja\/#primaryimage"},"thumbnailUrl":"https:\/\/atp.lodz.pl\/wp-content\/uploads\/2024\/04\/stoisko4.jpg","datePublished":"2024-04-08T11:27:24+00:00","dateModified":"2024-04-10T10:01:09+00:00","breadcrumb":{"@id":"https:\/\/atp.lodz.pl\/wizualizacja\/#breadcrumb"},"inLanguage":"en-GB","potentialAction":[{"@type":"ReadAction","target":["https:\/\/atp.lodz.pl\/wizualizacja\/"]}]},{"@type":"ImageObject","inLanguage":"en-GB","@id":"https:\/\/atp.lodz.pl\/wizualizacja\/#primaryimage","url":"https:\/\/atp.lodz.pl\/wp-content\/uploads\/2024\/04\/stoisko4.jpg","contentUrl":"https:\/\/atp.lodz.pl\/wp-content\/uploads\/2024\/04\/stoisko4.jpg"},{"@type":"BreadcrumbList","@id":"https:\/\/atp.lodz.pl\/wizualizacja\/#breadcrumb","itemListElement":[{"@type":"ListItem","position":1,"name":"Strona g\u0142\u00f3wna","item":"https:\/\/atp.lodz.pl\/"},{"@type":"ListItem","position":2,"name":"Wizualizacja stoiska"}]},{"@type":"WebSite","@id":"https:\/\/atp.lodz.pl\/#website","url":"https:\/\/atp.lodz.pl\/","name":"Akademickie Targi Pracy","description":"","publisher":{"@id":"https:\/\/atp.lodz.pl\/#organization"},"alternateName":"ATP","potentialAction":[{"@type":"SearchAction","target":{"@type":"EntryPoint","urlTemplate":"https:\/\/atp.lodz.pl\/?s={search_term_string}"},"query-input":"required name=search_term_string"}],"inLanguage":"en-GB"},{"@type":"Organization","@id":"https:\/\/atp.lodz.pl\/#organization","name":"ATP","url":"https:\/\/atp.lodz.pl\/","logo":{"@type":"ImageObject","inLanguage":"en-GB","@id":"https:\/\/atp.lodz.pl\/#\/schema\/logo\/image\/","url":"https:\/\/atp.lodz.pl\/wp-content\/uploads\/2023\/10\/Logo_ATP_4.png","contentUrl":"https:\/\/atp.lodz.pl\/wp-content\/uploads\/2023\/10\/Logo_ATP_4.png","width":1772,"height":591,"caption":"ATP"},"image":{"@id":"https:\/\/atp.lodz.pl\/#\/schema\/logo\/image\/"}}]}},"_links":{"self":[{"href":"https:\/\/atp.lodz.pl\/en\/wp-json\/wp\/v2\/pages\/1117","targetHints":{"allow":["GET"]}}],"collection":[{"href":"https:\/\/atp.lodz.pl\/en\/wp-json\/wp\/v2\/pages"}],"about":[{"href":"https:\/\/atp.lodz.pl\/en\/wp-json\/wp\/v2\/types\/page"}],"author":[{"embeddable":true,"href":"https:\/\/atp.lodz.pl\/en\/wp-json\/wp\/v2\/users\/1"}],"replies":[{"embeddable":true,"href":"https:\/\/atp.lodz.pl\/en\/wp-json\/wp\/v2\/comments?post=1117"}],"version-history":[{"count":19,"href":"https:\/\/atp.lodz.pl\/en\/wp-json\/wp\/v2\/pages\/1117\/revisions"}],"predecessor-version":[{"id":2254,"href":"https:\/\/atp.lodz.pl\/en\/wp-json\/wp\/v2\/pages\/1117\/revisions\/2254"}],"wp:attachment":[{"href":"https:\/\/atp.lodz.pl\/en\/wp-json\/wp\/v2\/media?parent=1117"}],"curies":[{"name":"wp","href":"https:\/\/api.w.org\/{rel}","templated":true}]}}