{"id":1099,"date":"2024-04-08T13:24:39","date_gmt":"2024-04-08T11:24:39","guid":{"rendered":"https:\/\/atp.lodz.pl\/?page_id=1099"},"modified":"2024-04-09T13:28:53","modified_gmt":"2024-04-09T11:28:53","slug":"dlaczegowarto","status":"publish","type":"page","link":"https:\/\/atp.lodz.pl\/en\/dlaczegowarto\/","title":{"rendered":"Why it is worth it?"},"content":{"rendered":"<div data-elementor-type=\"wp-page\" data-elementor-id=\"1099\" class=\"elementor elementor-1099\">\n\t\t\t\t<div class=\"elementor-element elementor-element-3ac6e493 e-flex e-con-boxed e-con e-parent\" data-id=\"3ac6e493\" data-element_type=\"container\" data-e-type=\"container\">\n\t\t\t\t\t<div class=\"e-con-inner\">\n\t\t\t\t<div class=\"elementor-element elementor-element-2ebf7da7 elementor-widget elementor-widget-text-editor\" data-id=\"2ebf7da7\" data-element_type=\"widget\" data-e-type=\"widget\" data-widget_type=\"text-editor.default\">\n\t\t\t\t<div class=\"elementor-widget-container\">\n\t\t\t\t\t\t\t\t\t<p><\/p>\n<p><span style=\"color: #000000;\"><strong>Academic Job Fair is a leader in the field of non-commercial job fairs organized by students for students.<\/strong><\/span><\/p>\n<p>Lodz is a city with a strong academic character, with many renowned universities. Academic Job Fair (ATP) is the result of collaboration between Lodz University of Technology, Medical University od Lodz and  Lodz City Hall, as part of the \u201cM\u0142odzi w \u0141odzi\u201d programme.<\/p>\n<p>By participating in Lodz Academic Job Fair you gain opportunity to promote your company in the region among future candidates, which will contribute to building a positive employer image.<\/p>\n<p><span style=\"color: #000000;\"><strong>ATP is your chance for finding a diamond among students! Join ATP.<\/strong><\/span><\/p>\n<p><\/p>\n<div>\u00a0<\/div>\n<div>\u00a0<\/div>\t\t\t\t\t\t\t\t<\/div>\n\t\t\t\t<\/div>\n\t\t\t\t<div class=\"elementor-element elementor-element-c854c2b elementor-widget elementor-widget-image\" data-id=\"c854c2b\" data-element_type=\"widget\" data-e-type=\"widget\" data-widget_type=\"image.default\">\n\t\t\t\t<div class=\"elementor-widget-container\">\n\t\t\t\t\t\t\t\t\t\t\t\t\t\t\t<img fetchpriority=\"high\" decoding=\"async\" width=\"381\" height=\"381\" src=\"https:\/\/atp.lodz.pl\/wp-content\/uploads\/2024\/04\/Numer-jeden.jpg\" class=\"attachment-large size-large wp-image-1298\" alt=\"\" srcset=\"https:\/\/atp.lodz.pl\/wp-content\/uploads\/2024\/04\/Numer-jeden.jpg 381w, https:\/\/atp.lodz.pl\/wp-content\/uploads\/2024\/04\/Numer-jeden-300x300.jpg 300w, https:\/\/atp.lodz.pl\/wp-content\/uploads\/2024\/04\/Numer-jeden-150x150.jpg 150w\" sizes=\"(max-width: 381px) 100vw, 381px\" \/>\t\t\t\t\t\t\t\t\t\t\t\t\t\t\t<\/div>\n\t\t\t\t<\/div>\n\t\t\t\t\t<\/div>\n\t\t\t\t<\/div>\n\t\t\t\t<\/div>","protected":false},"excerpt":{"rendered":"<p>Akademickie Targi Pracy s\u0105 liderem w dziedzinie niekomercyjnych targ\u00f3w pracy organizowanych przez student\u00f3w dla student\u00f3w. \u0141\u00f3d\u017a to miasto o silnym akademickim charakterze, z wieloma renomowanymi uczelniami. Akademickie Targi Pracy (ATP) to efekt wsp\u00f3\u0142pracy Politechniki \u0141\u00f3dzkiej, Uniwersytetu Medycznego w \u0141odzi oraz Urz\u0119du Miasta \u0141odzi, w ramach programu M\u0142odzi w \u0141odzi. Bior\u0105c udzia\u0142 w Akademickich Targach Pracy w \u0141odzi, zyskujesz mo\u017cliwo\u015b\u0107 promocji [&hellip;]<\/p>\n","protected":false},"author":1,"featured_media":0,"parent":0,"menu_order":0,"comment_status":"closed","ping_status":"closed","template":"","meta":{"_EventAllDay":false,"_EventTimezone":"","_EventStartDate":"","_EventEndDate":"","_EventStartDateUTC":"","_EventEndDateUTC":"","_EventShowMap":false,"_EventShowMapLink":false,"_EventURL":"","_EventCost":"","_EventCostDescription":"","_EventCurrencySymbol":"","_EventCurrencyCode":"","_EventCurrencyPosition":"","_EventDateTimeSeparator":"","_EventTimeRangeSeparator":"","_EventOrganizerID":[],"_EventVenueID":[],"_OrganizerEmail":"","_OrganizerPhone":"","_OrganizerWebsite":"","_VenueAddress":"","_VenueCity":"","_VenueCountry":"","_VenueProvince":"","_VenueState":"","_VenueZip":"","_VenuePhone":"","_VenueURL":"","_VenueStateProvince":"","_VenueLat":"","_VenueLng":"","_VenueShowMap":false,"_VenueShowMapLink":false,"footnotes":""},"class_list":["post-1099","page","type-page","status-publish","hentry"],"yoast_head":"<!-- This site is optimized with the Yoast SEO plugin v22.4 - https:\/\/yoast.com\/wordpress\/plugins\/seo\/ -->\n<title>Dlaczego warto - Akademickie Targi Pracy<\/title>\n<meta name=\"robots\" content=\"index, follow, max-snippet:-1, max-image-preview:large, max-video-preview:-1\" \/>\n<link rel=\"canonical\" href=\"https:\/\/atp.lodz.pl\/en\/dlaczegowarto\/\" \/>\n<meta property=\"og:locale\" content=\"en_GB\" \/>\n<meta property=\"og:type\" content=\"article\" \/>\n<meta property=\"og:title\" content=\"Dlaczego warto - Akademickie Targi Pracy\" \/>\n<meta property=\"og:description\" content=\"Akademickie Targi Pracy s\u0105 liderem w dziedzinie niekomercyjnych targ\u00f3w pracy organizowanych przez student\u00f3w dla student\u00f3w. \u0141\u00f3d\u017a to miasto o silnym akademickim charakterze, z wieloma renomowanymi uczelniami. Akademickie Targi Pracy (ATP) to efekt wsp\u00f3\u0142pracy Politechniki \u0141\u00f3dzkiej, Uniwersytetu Medycznego w \u0141odzi oraz Urz\u0119du Miasta \u0141odzi, w ramach programu M\u0142odzi w \u0141odzi. Bior\u0105c udzia\u0142 w Akademickich Targach Pracy w \u0141odzi, zyskujesz mo\u017cliwo\u015b\u0107 promocji [&hellip;]\" \/>\n<meta property=\"og:url\" content=\"https:\/\/atp.lodz.pl\/en\/dlaczegowarto\/\" \/>\n<meta property=\"og:site_name\" content=\"Akademickie Targi Pracy\" \/>\n<meta property=\"article:modified_time\" content=\"2024-04-09T11:28:53+00:00\" \/>\n<meta property=\"og:image\" content=\"https:\/\/atp.lodz.pl\/wp-content\/uploads\/2024\/04\/Numer-jeden.jpg\" \/>\n<meta name=\"twitter:card\" content=\"summary_large_image\" \/>\n<meta name=\"twitter:label1\" content=\"Estimated reading time\" \/>\n\t<meta name=\"twitter:data1\" content=\"1 minute\" \/>\n<script type=\"application\/ld+json\" class=\"yoast-schema-graph\">{\"@context\":\"https:\/\/schema.org\",\"@graph\":[{\"@type\":\"WebPage\",\"@id\":\"https:\/\/atp.lodz.pl\/dlaczegowarto\/\",\"url\":\"https:\/\/atp.lodz.pl\/dlaczegowarto\/\",\"name\":\"Dlaczego warto - Akademickie Targi Pracy\",\"isPartOf\":{\"@id\":\"https:\/\/atp.lodz.pl\/#website\"},\"primaryImageOfPage\":{\"@id\":\"https:\/\/atp.lodz.pl\/dlaczegowarto\/#primaryimage\"},\"image\":{\"@id\":\"https:\/\/atp.lodz.pl\/dlaczegowarto\/#primaryimage\"},\"thumbnailUrl\":\"https:\/\/atp.lodz.pl\/wp-content\/uploads\/2024\/04\/Numer-jeden.jpg\",\"datePublished\":\"2024-04-08T11:24:39+00:00\",\"dateModified\":\"2024-04-09T11:28:53+00:00\",\"breadcrumb\":{\"@id\":\"https:\/\/atp.lodz.pl\/dlaczegowarto\/#breadcrumb\"},\"inLanguage\":\"en-GB\",\"potentialAction\":[{\"@type\":\"ReadAction\",\"target\":[\"https:\/\/atp.lodz.pl\/dlaczegowarto\/\"]}]},{\"@type\":\"ImageObject\",\"inLanguage\":\"en-GB\",\"@id\":\"https:\/\/atp.lodz.pl\/dlaczegowarto\/#primaryimage\",\"url\":\"https:\/\/atp.lodz.pl\/wp-content\/uploads\/2024\/04\/Numer-jeden.jpg\",\"contentUrl\":\"https:\/\/atp.lodz.pl\/wp-content\/uploads\/2024\/04\/Numer-jeden.jpg\"},{\"@type\":\"BreadcrumbList\",\"@id\":\"https:\/\/atp.lodz.pl\/dlaczegowarto\/#breadcrumb\",\"itemListElement\":[{\"@type\":\"ListItem\",\"position\":1,\"name\":\"Strona g\u0142\u00f3wna\",\"item\":\"https:\/\/atp.lodz.pl\/\"},{\"@type\":\"ListItem\",\"position\":2,\"name\":\"Dlaczego warto\"}]},{\"@type\":\"WebSite\",\"@id\":\"https:\/\/atp.lodz.pl\/#website\",\"url\":\"https:\/\/atp.lodz.pl\/\",\"name\":\"Akademickie Targi Pracy\",\"description\":\"\",\"publisher\":{\"@id\":\"https:\/\/atp.lodz.pl\/#organization\"},\"alternateName\":\"ATP\",\"potentialAction\":[{\"@type\":\"SearchAction\",\"target\":{\"@type\":\"EntryPoint\",\"urlTemplate\":\"https:\/\/atp.lodz.pl\/?s={search_term_string}\"},\"query-input\":\"required name=search_term_string\"}],\"inLanguage\":\"en-GB\"},{\"@type\":\"Organization\",\"@id\":\"https:\/\/atp.lodz.pl\/#organization\",\"name\":\"ATP\",\"url\":\"https:\/\/atp.lodz.pl\/\",\"logo\":{\"@type\":\"ImageObject\",\"inLanguage\":\"en-GB\",\"@id\":\"https:\/\/atp.lodz.pl\/#\/schema\/logo\/image\/\",\"url\":\"https:\/\/atp.lodz.pl\/wp-content\/uploads\/2023\/10\/Logo_ATP_4.png\",\"contentUrl\":\"https:\/\/atp.lodz.pl\/wp-content\/uploads\/2023\/10\/Logo_ATP_4.png\",\"width\":1772,\"height\":591,\"caption\":\"ATP\"},\"image\":{\"@id\":\"https:\/\/atp.lodz.pl\/#\/schema\/logo\/image\/\"}}]}<\/script>\n<!-- \/ Yoast SEO plugin. -->","yoast_head_json":{"title":"Dlaczego warto - Akademickie Targi Pracy","robots":{"index":"index","follow":"follow","max-snippet":"max-snippet:-1","max-image-preview":"max-image-preview:large","max-video-preview":"max-video-preview:-1"},"canonical":"https:\/\/atp.lodz.pl\/en\/dlaczegowarto\/","og_locale":"en_GB","og_type":"article","og_title":"Dlaczego warto - Akademickie Targi Pracy","og_description":"Akademickie Targi Pracy s\u0105 liderem w dziedzinie niekomercyjnych targ\u00f3w pracy organizowanych przez student\u00f3w dla student\u00f3w. \u0141\u00f3d\u017a to miasto o silnym akademickim charakterze, z wieloma renomowanymi uczelniami. Akademickie Targi Pracy (ATP) to efekt wsp\u00f3\u0142pracy Politechniki \u0141\u00f3dzkiej, Uniwersytetu Medycznego w \u0141odzi oraz Urz\u0119du Miasta \u0141odzi, w ramach programu M\u0142odzi w \u0141odzi. Bior\u0105c udzia\u0142 w Akademickich Targach Pracy w \u0141odzi, zyskujesz mo\u017cliwo\u015b\u0107 promocji [&hellip;]","og_url":"https:\/\/atp.lodz.pl\/en\/dlaczegowarto\/","og_site_name":"Akademickie Targi Pracy","article_modified_time":"2024-04-09T11:28:53+00:00","og_image":[{"url":"https:\/\/atp.lodz.pl\/wp-content\/uploads\/2024\/04\/Numer-jeden.jpg"}],"twitter_card":"summary_large_image","twitter_misc":{"Estimated reading time":"1 minute"},"schema":{"@context":"https:\/\/schema.org","@graph":[{"@type":"WebPage","@id":"https:\/\/atp.lodz.pl\/dlaczegowarto\/","url":"https:\/\/atp.lodz.pl\/dlaczegowarto\/","name":"Dlaczego warto - Akademickie Targi Pracy","isPartOf":{"@id":"https:\/\/atp.lodz.pl\/#website"},"primaryImageOfPage":{"@id":"https:\/\/atp.lodz.pl\/dlaczegowarto\/#primaryimage"},"image":{"@id":"https:\/\/atp.lodz.pl\/dlaczegowarto\/#primaryimage"},"thumbnailUrl":"https:\/\/atp.lodz.pl\/wp-content\/uploads\/2024\/04\/Numer-jeden.jpg","datePublished":"2024-04-08T11:24:39+00:00","dateModified":"2024-04-09T11:28:53+00:00","breadcrumb":{"@id":"https:\/\/atp.lodz.pl\/dlaczegowarto\/#breadcrumb"},"inLanguage":"en-GB","potentialAction":[{"@type":"ReadAction","target":["https:\/\/atp.lodz.pl\/dlaczegowarto\/"]}]},{"@type":"ImageObject","inLanguage":"en-GB","@id":"https:\/\/atp.lodz.pl\/dlaczegowarto\/#primaryimage","url":"https:\/\/atp.lodz.pl\/wp-content\/uploads\/2024\/04\/Numer-jeden.jpg","contentUrl":"https:\/\/atp.lodz.pl\/wp-content\/uploads\/2024\/04\/Numer-jeden.jpg"},{"@type":"BreadcrumbList","@id":"https:\/\/atp.lodz.pl\/dlaczegowarto\/#breadcrumb","itemListElement":[{"@type":"ListItem","position":1,"name":"Strona g\u0142\u00f3wna","item":"https:\/\/atp.lodz.pl\/"},{"@type":"ListItem","position":2,"name":"Dlaczego warto"}]},{"@type":"WebSite","@id":"https:\/\/atp.lodz.pl\/#website","url":"https:\/\/atp.lodz.pl\/","name":"Akademickie Targi Pracy","description":"","publisher":{"@id":"https:\/\/atp.lodz.pl\/#organization"},"alternateName":"ATP","potentialAction":[{"@type":"SearchAction","target":{"@type":"EntryPoint","urlTemplate":"https:\/\/atp.lodz.pl\/?s={search_term_string}"},"query-input":"required name=search_term_string"}],"inLanguage":"en-GB"},{"@type":"Organization","@id":"https:\/\/atp.lodz.pl\/#organization","name":"ATP","url":"https:\/\/atp.lodz.pl\/","logo":{"@type":"ImageObject","inLanguage":"en-GB","@id":"https:\/\/atp.lodz.pl\/#\/schema\/logo\/image\/","url":"https:\/\/atp.lodz.pl\/wp-content\/uploads\/2023\/10\/Logo_ATP_4.png","contentUrl":"https:\/\/atp.lodz.pl\/wp-content\/uploads\/2023\/10\/Logo_ATP_4.png","width":1772,"height":591,"caption":"ATP"},"image":{"@id":"https:\/\/atp.lodz.pl\/#\/schema\/logo\/image\/"}}]}},"_links":{"self":[{"href":"https:\/\/atp.lodz.pl\/en\/wp-json\/wp\/v2\/pages\/1099","targetHints":{"allow":["GET"]}}],"collection":[{"href":"https:\/\/atp.lodz.pl\/en\/wp-json\/wp\/v2\/pages"}],"about":[{"href":"https:\/\/atp.lodz.pl\/en\/wp-json\/wp\/v2\/types\/page"}],"author":[{"embeddable":true,"href":"https:\/\/atp.lodz.pl\/en\/wp-json\/wp\/v2\/users\/1"}],"replies":[{"embeddable":true,"href":"https:\/\/atp.lodz.pl\/en\/wp-json\/wp\/v2\/comments?post=1099"}],"version-history":[{"count":16,"href":"https:\/\/atp.lodz.pl\/en\/wp-json\/wp\/v2\/pages\/1099\/revisions"}],"predecessor-version":[{"id":1844,"href":"https:\/\/atp.lodz.pl\/en\/wp-json\/wp\/v2\/pages\/1099\/revisions\/1844"}],"wp:attachment":[{"href":"https:\/\/atp.lodz.pl\/en\/wp-json\/wp\/v2\/media?parent=1099"}],"curies":[{"name":"wp","href":"https:\/\/api.w.org\/{rel}","templated":true}]}}