{"id":1091,"date":"2024-04-08T13:23:26","date_gmt":"2024-04-08T11:23:26","guid":{"rendered":"https:\/\/atp.lodz.pl\/?page_id=1091"},"modified":"2026-03-23T16:05:30","modified_gmt":"2026-03-23T15:05:30","slug":"abctargow","status":"publish","type":"page","link":"https:\/\/atp.lodz.pl\/en\/abctargow\/","title":{"rendered":"ABC Job fair"},"content":{"rendered":"<div data-elementor-type=\"wp-page\" data-elementor-id=\"1091\" class=\"elementor elementor-1091\">\n\t\t\t\t<div class=\"elementor-element elementor-element-3ac6e493 e-flex e-con-boxed e-con e-parent\" data-id=\"3ac6e493\" data-element_type=\"container\" data-e-type=\"container\">\n\t\t\t\t\t<div class=\"e-con-inner\">\n\t\t\t\t<div class=\"elementor-element elementor-element-2ebf7da7 elementor-widget elementor-widget-text-editor\" data-id=\"2ebf7da7\" data-element_type=\"widget\" data-e-type=\"widget\" data-widget_type=\"text-editor.default\">\n\t\t\t\t<div class=\"elementor-widget-container\">\n\t\t\t\t\t\t\t\t\t<p><strong>16 April<\/strong> is a special date for everyone who is looking for career opportunities, wants to develop their career, or gain valuable experience. On that day, the Academic Job Fair will take place at the Expo Hall in \u0141\u00f3d\u017a \u2013 the largest event of this kind in Poland, attracting the attention of students and graduates from all over the country.<\/p><p>If you are a student or a graduate of a university in \u0141\u00f3d\u017a, this information is for you! The Academic Job Fair is a unique opportunity to meet representatives of renowned companies and institutions, learn about their job, internship, and placement offers. It is also a chance to build valuable connections that can open the door to your dream career.<\/p><p><span style=\"text-decoration: underline;\">Below we present some of the most important information about the ATP:<\/span><\/p><ol><li>ATP 2026 will take place <strong>on April 16, 2026, from 10:00 AM to 4:00 PM<\/strong> at Expo-\u0141\u00f3d\u017a Hall, located at 4 Politechniki Avenue.<\/li><li>The list of exhibitors for the Academic Job Fair 2026 will be continuously updated on the website:\u00a0<a href=\"https:\/\/atp.lodz.pl\/en\/wystawcy\/\"> www.atp.lodz.pl\/wystawcy.<\/a><\/li><li>The fair is free of charge <strong>for visitors<\/strong> and does not require prior registration.<\/li><li><strong>Free training sessions<\/strong> during ATP will be held at Expo-\u0141\u00f3d\u017a Hall. Registration is available at: https:\/\/biurokarier.p.lodz.pl\/akademickie-targi-pracy-2026\/szkolenia\u00a0<\/li><li>Each training session held as part of ATP 2026 will end with a certificate of participation.<\/li><li>During ATP, the largest Advisory Zone will <strong>once again be created<\/strong>. A place where every student and graduate will have the opportunity to receive guidance from professional career advisors.<\/li><li>Regulations - <strong><a href=\"https:\/\/tiny.pl\/q1kv6zvzm\">link<\/a><\/strong><\/li><\/ol><p><!-- \/wp:paragraph --><\/p>\t\t\t\t\t\t\t\t<\/div>\n\t\t\t\t<\/div>\n\t\t\t\t\t<\/div>\n\t\t\t\t<\/div>\n\t\t\t\t<\/div>","protected":false},"excerpt":{"rendered":"<p>16 kwietnia to niezwyk\u0142a data dla wszystkich, kt\u00f3rzy poszukuj\u0105 mo\u017cliwo\u015bci zawodowych, chc\u0105 rozwija\u0107 swoj\u0105 karier\u0119 lub zdoby\u0107 cenne do\u015bwiadczenie. Wtedy to, w hali Expo w \u0141odzi, odb\u0119d\u0105 si\u0119 Akademickie Targi Pracy \u2013 najwi\u0119ksze tego typu wydarzenie w Polsce, kt\u00f3re przyci\u0105ga uwag\u0119 student\u00f3w i absolwent\u00f3w z ca\u0142ego kraju. Je\u015bli jeste\u015b studentem lub absolwentem \u0142\u00f3dzkiej uczelni, to ta informacja jest dla Ciebie! [&hellip;]<\/p>\n","protected":false},"author":1,"featured_media":0,"parent":0,"menu_order":0,"comment_status":"closed","ping_status":"closed","template":"","meta":{"_EventAllDay":false,"_EventTimezone":"","_EventStartDate":"","_EventEndDate":"","_EventStartDateUTC":"","_EventEndDateUTC":"","_EventShowMap":false,"_EventShowMapLink":false,"_EventURL":"","_EventCost":"","_EventCostDescription":"","_EventCurrencySymbol":"","_EventCurrencyCode":"","_EventCurrencyPosition":"","_EventDateTimeSeparator":"","_EventTimeRangeSeparator":"","_EventOrganizerID":[],"_EventVenueID":[],"_OrganizerEmail":"","_OrganizerPhone":"","_OrganizerWebsite":"","_VenueAddress":"","_VenueCity":"","_VenueCountry":"","_VenueProvince":"","_VenueState":"","_VenueZip":"","_VenuePhone":"","_VenueURL":"","_VenueStateProvince":"","_VenueLat":"","_VenueLng":"","_VenueShowMap":false,"_VenueShowMapLink":false,"footnotes":""},"class_list":["post-1091","page","type-page","status-publish","hentry"],"yoast_head":"<!-- This site is optimized with the Yoast SEO plugin v22.4 - https:\/\/yoast.com\/wordpress\/plugins\/seo\/ -->\n<title>ABC Targ\u00f3w - Akademickie Targi Pracy<\/title>\n<meta name=\"robots\" content=\"index, follow, max-snippet:-1, max-image-preview:large, max-video-preview:-1\" \/>\n<link rel=\"canonical\" href=\"https:\/\/atp.lodz.pl\/en\/abctargow\/\" \/>\n<meta property=\"og:locale\" content=\"en_GB\" \/>\n<meta property=\"og:type\" content=\"article\" \/>\n<meta property=\"og:title\" content=\"ABC Targ\u00f3w - Akademickie Targi Pracy\" \/>\n<meta property=\"og:description\" content=\"16 kwietnia to niezwyk\u0142a data dla wszystkich, kt\u00f3rzy poszukuj\u0105 mo\u017cliwo\u015bci zawodowych, chc\u0105 rozwija\u0107 swoj\u0105 karier\u0119 lub zdoby\u0107 cenne do\u015bwiadczenie. Wtedy to, w hali Expo w \u0141odzi, odb\u0119d\u0105 si\u0119 Akademickie Targi Pracy \u2013 najwi\u0119ksze tego typu wydarzenie w Polsce, kt\u00f3re przyci\u0105ga uwag\u0119 student\u00f3w i absolwent\u00f3w z ca\u0142ego kraju. Je\u015bli jeste\u015b studentem lub absolwentem \u0142\u00f3dzkiej uczelni, to ta informacja jest dla Ciebie! [&hellip;]\" \/>\n<meta property=\"og:url\" content=\"https:\/\/atp.lodz.pl\/en\/abctargow\/\" \/>\n<meta property=\"og:site_name\" content=\"Akademickie Targi Pracy\" \/>\n<meta property=\"article:modified_time\" content=\"2026-03-23T15:05:30+00:00\" \/>\n<meta name=\"twitter:card\" content=\"summary_large_image\" \/>\n<meta name=\"twitter:label1\" content=\"Estimated reading time\" \/>\n\t<meta name=\"twitter:data1\" content=\"2 minutes\" \/>\n<script type=\"application\/ld+json\" class=\"yoast-schema-graph\">{\"@context\":\"https:\/\/schema.org\",\"@graph\":[{\"@type\":\"WebPage\",\"@id\":\"https:\/\/atp.lodz.pl\/abctargow\/\",\"url\":\"https:\/\/atp.lodz.pl\/abctargow\/\",\"name\":\"ABC Targ\u00f3w - Akademickie Targi Pracy\",\"isPartOf\":{\"@id\":\"https:\/\/atp.lodz.pl\/#website\"},\"datePublished\":\"2024-04-08T11:23:26+00:00\",\"dateModified\":\"2026-03-23T15:05:30+00:00\",\"breadcrumb\":{\"@id\":\"https:\/\/atp.lodz.pl\/abctargow\/#breadcrumb\"},\"inLanguage\":\"en-GB\",\"potentialAction\":[{\"@type\":\"ReadAction\",\"target\":[\"https:\/\/atp.lodz.pl\/abctargow\/\"]}]},{\"@type\":\"BreadcrumbList\",\"@id\":\"https:\/\/atp.lodz.pl\/abctargow\/#breadcrumb\",\"itemListElement\":[{\"@type\":\"ListItem\",\"position\":1,\"name\":\"Strona g\u0142\u00f3wna\",\"item\":\"https:\/\/atp.lodz.pl\/\"},{\"@type\":\"ListItem\",\"position\":2,\"name\":\"ABC Targ\u00f3w\"}]},{\"@type\":\"WebSite\",\"@id\":\"https:\/\/atp.lodz.pl\/#website\",\"url\":\"https:\/\/atp.lodz.pl\/\",\"name\":\"Akademickie Targi Pracy\",\"description\":\"\",\"publisher\":{\"@id\":\"https:\/\/atp.lodz.pl\/#organization\"},\"alternateName\":\"ATP\",\"potentialAction\":[{\"@type\":\"SearchAction\",\"target\":{\"@type\":\"EntryPoint\",\"urlTemplate\":\"https:\/\/atp.lodz.pl\/?s={search_term_string}\"},\"query-input\":\"required name=search_term_string\"}],\"inLanguage\":\"en-GB\"},{\"@type\":\"Organization\",\"@id\":\"https:\/\/atp.lodz.pl\/#organization\",\"name\":\"ATP\",\"url\":\"https:\/\/atp.lodz.pl\/\",\"logo\":{\"@type\":\"ImageObject\",\"inLanguage\":\"en-GB\",\"@id\":\"https:\/\/atp.lodz.pl\/#\/schema\/logo\/image\/\",\"url\":\"https:\/\/atp.lodz.pl\/wp-content\/uploads\/2023\/10\/Logo_ATP_4.png\",\"contentUrl\":\"https:\/\/atp.lodz.pl\/wp-content\/uploads\/2023\/10\/Logo_ATP_4.png\",\"width\":1772,\"height\":591,\"caption\":\"ATP\"},\"image\":{\"@id\":\"https:\/\/atp.lodz.pl\/#\/schema\/logo\/image\/\"}}]}<\/script>\n<!-- \/ Yoast SEO plugin. -->","yoast_head_json":{"title":"ABC Targ\u00f3w - Akademickie Targi Pracy","robots":{"index":"index","follow":"follow","max-snippet":"max-snippet:-1","max-image-preview":"max-image-preview:large","max-video-preview":"max-video-preview:-1"},"canonical":"https:\/\/atp.lodz.pl\/en\/abctargow\/","og_locale":"en_GB","og_type":"article","og_title":"ABC Targ\u00f3w - Akademickie Targi Pracy","og_description":"16 kwietnia to niezwyk\u0142a data dla wszystkich, kt\u00f3rzy poszukuj\u0105 mo\u017cliwo\u015bci zawodowych, chc\u0105 rozwija\u0107 swoj\u0105 karier\u0119 lub zdoby\u0107 cenne do\u015bwiadczenie. Wtedy to, w hali Expo w \u0141odzi, odb\u0119d\u0105 si\u0119 Akademickie Targi Pracy \u2013 najwi\u0119ksze tego typu wydarzenie w Polsce, kt\u00f3re przyci\u0105ga uwag\u0119 student\u00f3w i absolwent\u00f3w z ca\u0142ego kraju. Je\u015bli jeste\u015b studentem lub absolwentem \u0142\u00f3dzkiej uczelni, to ta informacja jest dla Ciebie! [&hellip;]","og_url":"https:\/\/atp.lodz.pl\/en\/abctargow\/","og_site_name":"Akademickie Targi Pracy","article_modified_time":"2026-03-23T15:05:30+00:00","twitter_card":"summary_large_image","twitter_misc":{"Estimated reading time":"2 minutes"},"schema":{"@context":"https:\/\/schema.org","@graph":[{"@type":"WebPage","@id":"https:\/\/atp.lodz.pl\/abctargow\/","url":"https:\/\/atp.lodz.pl\/abctargow\/","name":"ABC Targ\u00f3w - Akademickie Targi Pracy","isPartOf":{"@id":"https:\/\/atp.lodz.pl\/#website"},"datePublished":"2024-04-08T11:23:26+00:00","dateModified":"2026-03-23T15:05:30+00:00","breadcrumb":{"@id":"https:\/\/atp.lodz.pl\/abctargow\/#breadcrumb"},"inLanguage":"en-GB","potentialAction":[{"@type":"ReadAction","target":["https:\/\/atp.lodz.pl\/abctargow\/"]}]},{"@type":"BreadcrumbList","@id":"https:\/\/atp.lodz.pl\/abctargow\/#breadcrumb","itemListElement":[{"@type":"ListItem","position":1,"name":"Strona g\u0142\u00f3wna","item":"https:\/\/atp.lodz.pl\/"},{"@type":"ListItem","position":2,"name":"ABC Targ\u00f3w"}]},{"@type":"WebSite","@id":"https:\/\/atp.lodz.pl\/#website","url":"https:\/\/atp.lodz.pl\/","name":"Akademickie Targi Pracy","description":"","publisher":{"@id":"https:\/\/atp.lodz.pl\/#organization"},"alternateName":"ATP","potentialAction":[{"@type":"SearchAction","target":{"@type":"EntryPoint","urlTemplate":"https:\/\/atp.lodz.pl\/?s={search_term_string}"},"query-input":"required name=search_term_string"}],"inLanguage":"en-GB"},{"@type":"Organization","@id":"https:\/\/atp.lodz.pl\/#organization","name":"ATP","url":"https:\/\/atp.lodz.pl\/","logo":{"@type":"ImageObject","inLanguage":"en-GB","@id":"https:\/\/atp.lodz.pl\/#\/schema\/logo\/image\/","url":"https:\/\/atp.lodz.pl\/wp-content\/uploads\/2023\/10\/Logo_ATP_4.png","contentUrl":"https:\/\/atp.lodz.pl\/wp-content\/uploads\/2023\/10\/Logo_ATP_4.png","width":1772,"height":591,"caption":"ATP"},"image":{"@id":"https:\/\/atp.lodz.pl\/#\/schema\/logo\/image\/"}}]}},"_links":{"self":[{"href":"https:\/\/atp.lodz.pl\/en\/wp-json\/wp\/v2\/pages\/1091","targetHints":{"allow":["GET"]}}],"collection":[{"href":"https:\/\/atp.lodz.pl\/en\/wp-json\/wp\/v2\/pages"}],"about":[{"href":"https:\/\/atp.lodz.pl\/en\/wp-json\/wp\/v2\/types\/page"}],"author":[{"embeddable":true,"href":"https:\/\/atp.lodz.pl\/en\/wp-json\/wp\/v2\/users\/1"}],"replies":[{"embeddable":true,"href":"https:\/\/atp.lodz.pl\/en\/wp-json\/wp\/v2\/comments?post=1091"}],"version-history":[{"count":22,"href":"https:\/\/atp.lodz.pl\/en\/wp-json\/wp\/v2\/pages\/1091\/revisions"}],"predecessor-version":[{"id":3565,"href":"https:\/\/atp.lodz.pl\/en\/wp-json\/wp\/v2\/pages\/1091\/revisions\/3565"}],"wp:attachment":[{"href":"https:\/\/atp.lodz.pl\/en\/wp-json\/wp\/v2\/media?parent=1091"}],"curies":[{"name":"wp","href":"https:\/\/api.w.org\/{rel}","templated":true}]}}