{"id":1077,"date":"2024-04-08T13:21:00","date_gmt":"2024-04-08T11:21:00","guid":{"rendered":"https:\/\/atp.lodz.pl\/?page_id=1077"},"modified":"2025-08-21T14:13:22","modified_gmt":"2025-08-21T12:13:22","slug":"onas","status":"publish","type":"page","link":"https:\/\/atp.lodz.pl\/en\/onas\/","title":{"rendered":"About ATP"},"content":{"rendered":"<div data-elementor-type=\"wp-page\" data-elementor-id=\"1077\" class=\"elementor elementor-1077\">\n\t\t\t\t<div class=\"elementor-element elementor-element-3ac6e493 e-flex e-con-boxed e-con e-parent\" data-id=\"3ac6e493\" data-element_type=\"container\" data-e-type=\"container\">\n\t\t\t\t\t<div class=\"e-con-inner\">\n\t\t\t\t<div class=\"elementor-element elementor-element-2ebf7da7 elementor-widget elementor-widget-text-editor\" data-id=\"2ebf7da7\" data-element_type=\"widget\" data-e-type=\"widget\" data-widget_type=\"text-editor.default\">\n\t\t\t\t<div class=\"elementor-widget-container\">\n\t\t\t\t\t\t\t\t\t<p><strong>Academic Job Fair (ATP) is the largest fair of that type in Poland, which is organized periodically since 2006.<\/strong><\/p><p><strong>Lodz City is one of the biggest academic cities in Poland.<\/strong> Within its boundaries it has  many universities, both state and private.  \nThey boast excellent level of teaching. Graduates of Lodz\u2019s universities stand out with creativity and openness. They are ready to face difficult challenges of constantly changing job market and they have diverse knowledge, both practical and theoretical. Graduates develop their skills in numerous internships and practical trainings, which are organized by local companies or state institutions.<\/p><p>Educating so many standing out students, Lodz University of Technology together with Medical University od Lodz, decided to organise city-wide Academic Job Fair (ATP). The first edition of the fair organisers included Lodz City Hall, \u201cM\u0142odzi w \u0141odzi\u201d programme, Lodz University of Technology, Career Officer of Lodz University of Technology (BK P\u0141), ESN-EYE Lodz student organisation.<\/p><p>In 2012 Medical University of Lodz joined the organization for the first time, represented by \u201cFundacja dla Uniwersytetu Medycznego w \u0141odzi (FUMED)\u201d and Akademickie Biuro Karier (ABK UM). This has enabled us  to invite companies from medical and medical-related industries for cooperation.<\/p><p><strong>The current co-organisers of the Academic Job Fair are:<\/strong><\/p><ul><li><a href=\"https:\/\/lodz.pl\/\">Urz\u0105d Miasta \u0141odzi<\/a><\/li><li><a href=\"https:\/\/mlodziwlodzi.pl\/\">M\u0142odzi w \u0141odzi<\/a><\/li><li><a href=\"https:\/\/p.lodz.pl\/\">Politechnika \u0141\u00f3dzka<\/a><\/li><li><a href=\"https:\/\/biurokarier.p.lodz.pl\/\">Biuro Karier Politechniki \u0141\u00f3dzkiej<\/a><\/li><li><a href=\"https:\/\/umed.pl\/\">Uniwersytet Medyczny w \u0141odzi<\/a><\/li><li><a href=\"https:\/\/abk.umed.pl\/\">Akademickie Biuro Karier Uniwersytetu Medycznego w \u0141odzi<\/a><\/li><li><a href=\"https:\/\/fumed.pl\/\">Fundacja dla Uniwersytetu Medycznego w \u0141odzi<\/a><\/li><li><a href=\"https:\/\/www.facebook.com\/mloda.farmacja.lodz\/?locale=pl_PL\">M\u0142oda Farmacja<\/a><\/li><li><a href=\"https:\/\/activities.esn.org\/organisation\/esn-eye-lodz\">Stowarzyszenie Student\u00f3w ESN-EYE \u0141\u00f3d\u017a<\/a><\/li><\/ul><p><strong>Next, XXI edition of Academic job fair will take place on 16. April 2026. More details soon.<\/strong><\/p><p><!-- \/wp:paragraph --><\/p>\t\t\t\t\t\t\t\t<\/div>\n\t\t\t\t<\/div>\n\t\t\t\t\t<\/div>\n\t\t\t\t<\/div>\n\t\t\t\t<\/div>","protected":false},"excerpt":{"rendered":"<p>Akademickie Targi Pracy to najwi\u0119ksze tego typu targi w Polsce, organizowane cyklicznie od 2006 roku. \u0141\u00f3d\u017a \u2013 to jedno z najwi\u0119kszych miast akademickich w Polsce. W swoich granicach zgromadzi\u0142a wiele uczelni, zar\u00f3wno pa\u0144stwowych, jak i prywatnych. Szczyc\u0105 si\u0119 one doskona\u0142ym poziomem nauczania. Absolwenci \u0142\u00f3dzkich szk\u00f3\u0142 wy\u017cszych wyr\u00f3\u017cniaj\u0105 si\u0119 kreatywno\u015bci\u0105 i otwarto\u015bci\u0105. S\u0105 gotowi stawi\u0107 czo\u0142a trudnym wyzwaniom burzliwego i ci\u0105gle [&hellip;]<\/p>\n","protected":false},"author":1,"featured_media":0,"parent":0,"menu_order":0,"comment_status":"closed","ping_status":"closed","template":"","meta":{"_EventAllDay":false,"_EventTimezone":"","_EventStartDate":"","_EventEndDate":"","_EventStartDateUTC":"","_EventEndDateUTC":"","_EventShowMap":false,"_EventShowMapLink":false,"_EventURL":"","_EventCost":"","_EventCostDescription":"","_EventCurrencySymbol":"","_EventCurrencyCode":"","_EventCurrencyPosition":"","_EventDateTimeSeparator":"","_EventTimeRangeSeparator":"","_EventOrganizerID":[],"_EventVenueID":[],"_OrganizerEmail":"","_OrganizerPhone":"","_OrganizerWebsite":"","_VenueAddress":"","_VenueCity":"","_VenueCountry":"","_VenueProvince":"","_VenueState":"","_VenueZip":"","_VenuePhone":"","_VenueURL":"","_VenueStateProvince":"","_VenueLat":"","_VenueLng":"","_VenueShowMap":false,"_VenueShowMapLink":false,"footnotes":""},"class_list":["post-1077","page","type-page","status-publish","hentry"],"yoast_head":"<!-- This site is optimized with the Yoast SEO plugin v22.4 - https:\/\/yoast.com\/wordpress\/plugins\/seo\/ -->\n<title>O Nas - Akademickie Targi Pracy<\/title>\n<meta name=\"robots\" content=\"index, follow, max-snippet:-1, max-image-preview:large, max-video-preview:-1\" \/>\n<link rel=\"canonical\" href=\"https:\/\/atp.lodz.pl\/en\/onas\/\" \/>\n<meta property=\"og:locale\" content=\"en_GB\" \/>\n<meta property=\"og:type\" content=\"article\" \/>\n<meta property=\"og:title\" content=\"O Nas - Akademickie Targi Pracy\" \/>\n<meta property=\"og:description\" content=\"Akademickie Targi Pracy to najwi\u0119ksze tego typu targi w Polsce, organizowane cyklicznie od 2006 roku. \u0141\u00f3d\u017a \u2013 to jedno z najwi\u0119kszych miast akademickich w Polsce. W swoich granicach zgromadzi\u0142a wiele uczelni, zar\u00f3wno pa\u0144stwowych, jak i prywatnych. Szczyc\u0105 si\u0119 one doskona\u0142ym poziomem nauczania. Absolwenci \u0142\u00f3dzkich szk\u00f3\u0142 wy\u017cszych wyr\u00f3\u017cniaj\u0105 si\u0119 kreatywno\u015bci\u0105 i otwarto\u015bci\u0105. S\u0105 gotowi stawi\u0107 czo\u0142a trudnym wyzwaniom burzliwego i ci\u0105gle [&hellip;]\" \/>\n<meta property=\"og:url\" content=\"https:\/\/atp.lodz.pl\/en\/onas\/\" \/>\n<meta property=\"og:site_name\" content=\"Akademickie Targi Pracy\" \/>\n<meta property=\"article:modified_time\" content=\"2025-08-21T12:13:22+00:00\" \/>\n<meta name=\"twitter:card\" content=\"summary_large_image\" \/>\n<meta name=\"twitter:label1\" content=\"Estimated reading time\" \/>\n\t<meta name=\"twitter:data1\" content=\"2 minutes\" \/>\n<script type=\"application\/ld+json\" class=\"yoast-schema-graph\">{\"@context\":\"https:\/\/schema.org\",\"@graph\":[{\"@type\":\"WebPage\",\"@id\":\"https:\/\/atp.lodz.pl\/onas\/\",\"url\":\"https:\/\/atp.lodz.pl\/onas\/\",\"name\":\"O Nas - Akademickie Targi Pracy\",\"isPartOf\":{\"@id\":\"https:\/\/atp.lodz.pl\/#website\"},\"datePublished\":\"2024-04-08T11:21:00+00:00\",\"dateModified\":\"2025-08-21T12:13:22+00:00\",\"breadcrumb\":{\"@id\":\"https:\/\/atp.lodz.pl\/onas\/#breadcrumb\"},\"inLanguage\":\"en-GB\",\"potentialAction\":[{\"@type\":\"ReadAction\",\"target\":[\"https:\/\/atp.lodz.pl\/onas\/\"]}]},{\"@type\":\"BreadcrumbList\",\"@id\":\"https:\/\/atp.lodz.pl\/onas\/#breadcrumb\",\"itemListElement\":[{\"@type\":\"ListItem\",\"position\":1,\"name\":\"Strona g\u0142\u00f3wna\",\"item\":\"https:\/\/atp.lodz.pl\/\"},{\"@type\":\"ListItem\",\"position\":2,\"name\":\"O Nas\"}]},{\"@type\":\"WebSite\",\"@id\":\"https:\/\/atp.lodz.pl\/#website\",\"url\":\"https:\/\/atp.lodz.pl\/\",\"name\":\"Akademickie Targi Pracy\",\"description\":\"\",\"publisher\":{\"@id\":\"https:\/\/atp.lodz.pl\/#organization\"},\"alternateName\":\"ATP\",\"potentialAction\":[{\"@type\":\"SearchAction\",\"target\":{\"@type\":\"EntryPoint\",\"urlTemplate\":\"https:\/\/atp.lodz.pl\/?s={search_term_string}\"},\"query-input\":\"required name=search_term_string\"}],\"inLanguage\":\"en-GB\"},{\"@type\":\"Organization\",\"@id\":\"https:\/\/atp.lodz.pl\/#organization\",\"name\":\"ATP\",\"url\":\"https:\/\/atp.lodz.pl\/\",\"logo\":{\"@type\":\"ImageObject\",\"inLanguage\":\"en-GB\",\"@id\":\"https:\/\/atp.lodz.pl\/#\/schema\/logo\/image\/\",\"url\":\"https:\/\/atp.lodz.pl\/wp-content\/uploads\/2023\/10\/Logo_ATP_4.png\",\"contentUrl\":\"https:\/\/atp.lodz.pl\/wp-content\/uploads\/2023\/10\/Logo_ATP_4.png\",\"width\":1772,\"height\":591,\"caption\":\"ATP\"},\"image\":{\"@id\":\"https:\/\/atp.lodz.pl\/#\/schema\/logo\/image\/\"}}]}<\/script>\n<!-- \/ Yoast SEO plugin. -->","yoast_head_json":{"title":"O Nas - Akademickie Targi Pracy","robots":{"index":"index","follow":"follow","max-snippet":"max-snippet:-1","max-image-preview":"max-image-preview:large","max-video-preview":"max-video-preview:-1"},"canonical":"https:\/\/atp.lodz.pl\/en\/onas\/","og_locale":"en_GB","og_type":"article","og_title":"O Nas - Akademickie Targi Pracy","og_description":"Akademickie Targi Pracy to najwi\u0119ksze tego typu targi w Polsce, organizowane cyklicznie od 2006 roku. \u0141\u00f3d\u017a \u2013 to jedno z najwi\u0119kszych miast akademickich w Polsce. W swoich granicach zgromadzi\u0142a wiele uczelni, zar\u00f3wno pa\u0144stwowych, jak i prywatnych. Szczyc\u0105 si\u0119 one doskona\u0142ym poziomem nauczania. Absolwenci \u0142\u00f3dzkich szk\u00f3\u0142 wy\u017cszych wyr\u00f3\u017cniaj\u0105 si\u0119 kreatywno\u015bci\u0105 i otwarto\u015bci\u0105. S\u0105 gotowi stawi\u0107 czo\u0142a trudnym wyzwaniom burzliwego i ci\u0105gle [&hellip;]","og_url":"https:\/\/atp.lodz.pl\/en\/onas\/","og_site_name":"Akademickie Targi Pracy","article_modified_time":"2025-08-21T12:13:22+00:00","twitter_card":"summary_large_image","twitter_misc":{"Estimated reading time":"2 minutes"},"schema":{"@context":"https:\/\/schema.org","@graph":[{"@type":"WebPage","@id":"https:\/\/atp.lodz.pl\/onas\/","url":"https:\/\/atp.lodz.pl\/onas\/","name":"O Nas - Akademickie Targi Pracy","isPartOf":{"@id":"https:\/\/atp.lodz.pl\/#website"},"datePublished":"2024-04-08T11:21:00+00:00","dateModified":"2025-08-21T12:13:22+00:00","breadcrumb":{"@id":"https:\/\/atp.lodz.pl\/onas\/#breadcrumb"},"inLanguage":"en-GB","potentialAction":[{"@type":"ReadAction","target":["https:\/\/atp.lodz.pl\/onas\/"]}]},{"@type":"BreadcrumbList","@id":"https:\/\/atp.lodz.pl\/onas\/#breadcrumb","itemListElement":[{"@type":"ListItem","position":1,"name":"Strona g\u0142\u00f3wna","item":"https:\/\/atp.lodz.pl\/"},{"@type":"ListItem","position":2,"name":"O Nas"}]},{"@type":"WebSite","@id":"https:\/\/atp.lodz.pl\/#website","url":"https:\/\/atp.lodz.pl\/","name":"Akademickie Targi Pracy","description":"","publisher":{"@id":"https:\/\/atp.lodz.pl\/#organization"},"alternateName":"ATP","potentialAction":[{"@type":"SearchAction","target":{"@type":"EntryPoint","urlTemplate":"https:\/\/atp.lodz.pl\/?s={search_term_string}"},"query-input":"required name=search_term_string"}],"inLanguage":"en-GB"},{"@type":"Organization","@id":"https:\/\/atp.lodz.pl\/#organization","name":"ATP","url":"https:\/\/atp.lodz.pl\/","logo":{"@type":"ImageObject","inLanguage":"en-GB","@id":"https:\/\/atp.lodz.pl\/#\/schema\/logo\/image\/","url":"https:\/\/atp.lodz.pl\/wp-content\/uploads\/2023\/10\/Logo_ATP_4.png","contentUrl":"https:\/\/atp.lodz.pl\/wp-content\/uploads\/2023\/10\/Logo_ATP_4.png","width":1772,"height":591,"caption":"ATP"},"image":{"@id":"https:\/\/atp.lodz.pl\/#\/schema\/logo\/image\/"}}]}},"_links":{"self":[{"href":"https:\/\/atp.lodz.pl\/en\/wp-json\/wp\/v2\/pages\/1077","targetHints":{"allow":["GET"]}}],"collection":[{"href":"https:\/\/atp.lodz.pl\/en\/wp-json\/wp\/v2\/pages"}],"about":[{"href":"https:\/\/atp.lodz.pl\/en\/wp-json\/wp\/v2\/types\/page"}],"author":[{"embeddable":true,"href":"https:\/\/atp.lodz.pl\/en\/wp-json\/wp\/v2\/users\/1"}],"replies":[{"embeddable":true,"href":"https:\/\/atp.lodz.pl\/en\/wp-json\/wp\/v2\/comments?post=1077"}],"version-history":[{"count":23,"href":"https:\/\/atp.lodz.pl\/en\/wp-json\/wp\/v2\/pages\/1077\/revisions"}],"predecessor-version":[{"id":2756,"href":"https:\/\/atp.lodz.pl\/en\/wp-json\/wp\/v2\/pages\/1077\/revisions\/2756"}],"wp:attachment":[{"href":"https:\/\/atp.lodz.pl\/en\/wp-json\/wp\/v2\/media?parent=1077"}],"curies":[{"name":"wp","href":"https:\/\/api.w.org\/{rel}","templated":true}]}}